{"id":20469,"date":"2018-08-28T12:03:21","date_gmt":"2018-08-28T09:03:21","guid":{"rendered":"https:\/\/cbd.veebispetsid.com\/minu-konto\/"},"modified":"2026-04-11T21:23:07","modified_gmt":"2026-04-11T18:23:07","slug":"minu-konto","status":"publish","type":"page","link":"https:\/\/cbdshop.lt\/en\/minu-konto\/","title":{"rendered":"My Account"},"content":{"rendered":"<div class=\"woocommerce\"><\/div>\n","protected":false},"excerpt":{"rendered":"","protected":false},"author":1,"featured_media":0,"parent":0,"menu_order":0,"comment_status":"closed","ping_status":"closed","template":"","meta":{"footnotes":""},"class_list":["post-20469","page","type-page","status-publish","hentry"],"yoast_head":"<!-- This site is optimized with the Yoast SEO plugin v27.3 - https:\/\/yoast.com\/product\/yoast-seo-wordpress\/ -->\n<title>My Account - CBDshop.lt<\/title>\n<meta name=\"robots\" content=\"noindex, follow\" \/>\n<meta property=\"og:locale\" content=\"en_US\" \/>\n<meta property=\"og:type\" content=\"article\" \/>\n<meta property=\"og:title\" content=\"My Account - CBDshop.lt\" \/>\n<meta property=\"og:url\" content=\"https:\/\/cbdshop.lt\/en\/minu-konto\/\" \/>\n<meta property=\"og:site_name\" content=\"CBDshop.lt\" \/>\n<meta property=\"article:publisher\" content=\"https:\/\/m.facebook.com\/cbdshop.ee\/\" \/>\n<meta property=\"article:modified_time\" content=\"2026-04-11T18:23:07+00:00\" \/>\n<meta name=\"twitter:card\" content=\"summary_large_image\" \/>\n<script type=\"application\/ld+json\" class=\"yoast-schema-graph\">{\"@context\":\"https:\\\/\\\/schema.org\",\"@graph\":[{\"@type\":\"WebPage\",\"@id\":\"https:\\\/\\\/cbdshop.lt\\\/en\\\/minu-konto\\\/\",\"url\":\"https:\\\/\\\/cbdshop.lt\\\/en\\\/minu-konto\\\/\",\"name\":\"My Account - CBDshop.lt\",\"isPartOf\":{\"@id\":\"https:\\\/\\\/cbdshop.lt\\\/#website\"},\"datePublished\":\"2018-08-28T09:03:21+00:00\",\"dateModified\":\"2026-04-11T18:23:07+00:00\",\"breadcrumb\":{\"@id\":\"https:\\\/\\\/cbdshop.lt\\\/en\\\/minu-konto\\\/#breadcrumb\"},\"inLanguage\":\"en-US\",\"potentialAction\":[{\"@type\":\"ReadAction\",\"target\":[\"https:\\\/\\\/cbdshop.lt\\\/en\\\/minu-konto\\\/\"]}]},{\"@type\":\"BreadcrumbList\",\"@id\":\"https:\\\/\\\/cbdshop.lt\\\/en\\\/minu-konto\\\/#breadcrumb\",\"itemListElement\":[{\"@type\":\"ListItem\",\"position\":1,\"name\":\"Home\",\"item\":\"https:\\\/\\\/cbdshop.lt\\\/en\\\/\"},{\"@type\":\"ListItem\",\"position\":2,\"name\":\"My Account\"}]},{\"@type\":\"WebSite\",\"@id\":\"https:\\\/\\\/cbdshop.lt\\\/#website\",\"url\":\"https:\\\/\\\/cbdshop.lt\\\/\",\"name\":\"CBDshop.lt\",\"description\":\"\u00d5itsed, \u00f5ietolm, CBD \u00f5li, CBD kanep, e-vedelikud\",\"publisher\":{\"@id\":\"https:\\\/\\\/cbdshop.lt\\\/#organization\"},\"potentialAction\":[{\"@type\":\"SearchAction\",\"target\":{\"@type\":\"EntryPoint\",\"urlTemplate\":\"https:\\\/\\\/cbdshop.lt\\\/?s={search_term_string}\"},\"query-input\":{\"@type\":\"PropertyValueSpecification\",\"valueRequired\":true,\"valueName\":\"search_term_string\"}}],\"inLanguage\":\"en-US\"},{\"@type\":\"Organization\",\"@id\":\"https:\\\/\\\/cbdshop.lt\\\/#organization\",\"name\":\"Nordic Synergy O\u00dc\",\"url\":\"https:\\\/\\\/cbdshop.lt\\\/\",\"logo\":{\"@type\":\"ImageObject\",\"inLanguage\":\"en-US\",\"@id\":\"https:\\\/\\\/cbdshop.lt\\\/#\\\/schema\\\/logo\\\/image\\\/\",\"url\":\"\",\"contentUrl\":\"\",\"caption\":\"Nordic Synergy O\u00dc\"},\"image\":{\"@id\":\"https:\\\/\\\/cbdshop.lt\\\/#\\\/schema\\\/logo\\\/image\\\/\"},\"sameAs\":[\"https:\\\/\\\/m.facebook.com\\\/cbdshop.ee\\\/\",\"https:\\\/\\\/www.instagram.com\\\/cbdshop.ee\\\/\"]}]}<\/script>\n<!-- \/ Yoast SEO plugin. -->","yoast_head_json":{"title":"My Account - CBDshop.lt","robots":{"index":"noindex","follow":"follow"},"og_locale":"en_US","og_type":"article","og_title":"My Account - CBDshop.lt","og_url":"https:\/\/cbdshop.lt\/en\/minu-konto\/","og_site_name":"CBDshop.lt","article_publisher":"https:\/\/m.facebook.com\/cbdshop.ee\/","article_modified_time":"2026-04-11T18:23:07+00:00","twitter_card":"summary_large_image","schema":{"@context":"https:\/\/schema.org","@graph":[{"@type":"WebPage","@id":"https:\/\/cbdshop.lt\/en\/minu-konto\/","url":"https:\/\/cbdshop.lt\/en\/minu-konto\/","name":"My Account - CBDshop.lt","isPartOf":{"@id":"https:\/\/cbdshop.lt\/#website"},"datePublished":"2018-08-28T09:03:21+00:00","dateModified":"2026-04-11T18:23:07+00:00","breadcrumb":{"@id":"https:\/\/cbdshop.lt\/en\/minu-konto\/#breadcrumb"},"inLanguage":"en-US","potentialAction":[{"@type":"ReadAction","target":["https:\/\/cbdshop.lt\/en\/minu-konto\/"]}]},{"@type":"BreadcrumbList","@id":"https:\/\/cbdshop.lt\/en\/minu-konto\/#breadcrumb","itemListElement":[{"@type":"ListItem","position":1,"name":"Home","item":"https:\/\/cbdshop.lt\/en\/"},{"@type":"ListItem","position":2,"name":"My Account"}]},{"@type":"WebSite","@id":"https:\/\/cbdshop.lt\/#website","url":"https:\/\/cbdshop.lt\/","name":"CBDshop.lt","description":"\u00d5itsed, \u00f5ietolm, CBD \u00f5li, CBD kanep, e-vedelikud","publisher":{"@id":"https:\/\/cbdshop.lt\/#organization"},"potentialAction":[{"@type":"SearchAction","target":{"@type":"EntryPoint","urlTemplate":"https:\/\/cbdshop.lt\/?s={search_term_string}"},"query-input":{"@type":"PropertyValueSpecification","valueRequired":true,"valueName":"search_term_string"}}],"inLanguage":"en-US"},{"@type":"Organization","@id":"https:\/\/cbdshop.lt\/#organization","name":"Nordic Synergy O\u00dc","url":"https:\/\/cbdshop.lt\/","logo":{"@type":"ImageObject","inLanguage":"en-US","@id":"https:\/\/cbdshop.lt\/#\/schema\/logo\/image\/","url":"","contentUrl":"","caption":"Nordic Synergy O\u00dc"},"image":{"@id":"https:\/\/cbdshop.lt\/#\/schema\/logo\/image\/"},"sameAs":["https:\/\/m.facebook.com\/cbdshop.ee\/","https:\/\/www.instagram.com\/cbdshop.ee\/"]}]}},"_links":{"self":[{"href":"https:\/\/cbdshop.lt\/en\/wp-json\/wp\/v2\/pages\/20469","targetHints":{"allow":["GET"]}}],"collection":[{"href":"https:\/\/cbdshop.lt\/en\/wp-json\/wp\/v2\/pages"}],"about":[{"href":"https:\/\/cbdshop.lt\/en\/wp-json\/wp\/v2\/types\/page"}],"author":[{"embeddable":true,"href":"https:\/\/cbdshop.lt\/en\/wp-json\/wp\/v2\/users\/1"}],"replies":[{"embeddable":true,"href":"https:\/\/cbdshop.lt\/en\/wp-json\/wp\/v2\/comments?post=20469"}],"version-history":[{"count":1,"href":"https:\/\/cbdshop.lt\/en\/wp-json\/wp\/v2\/pages\/20469\/revisions"}],"predecessor-version":[{"id":40645,"href":"https:\/\/cbdshop.lt\/en\/wp-json\/wp\/v2\/pages\/20469\/revisions\/40645"}],"wp:attachment":[{"href":"https:\/\/cbdshop.lt\/en\/wp-json\/wp\/v2\/media?parent=20469"}],"curies":[{"name":"wp","href":"https:\/\/api.w.org\/{rel}","templated":true}]}}