{"id":20474,"date":"2019-05-08T07:51:37","date_gmt":"2019-05-08T04:51:37","guid":{"rendered":"https:\/\/cbd.veebispetsid.com\/ostuinfo\/"},"modified":"2026-04-11T21:23:26","modified_gmt":"2026-04-11T18:23:26","slug":"ostuinfo","status":"publish","type":"page","link":"https:\/\/cbdshop.lt\/en\/ostuinfo\/","title":{"rendered":"Shopping info"},"content":{"rendered":"<div class=\"fusion-fullwidth fullwidth-box fusion-builder-row-1 nonhundred-percent-fullwidth non-hundred-percent-height-scrolling\" style=\"--awb-border-radius-top-left:0px;--awb-border-radius-top-right:0px;--awb-border-radius-bottom-right:0px;--awb-border-radius-bottom-left:0px;\" ><div class=\"fusion-builder-row fusion-row\"><div class=\"fusion-layout-column fusion_builder_column fusion-builder-column-0 fusion_builder_column_1_1 1_1 fusion-one-full fusion-column-first fusion-column-last\" style=\"--awb-bg-blend:overlay;--awb-bg-size:cover;--awb-margin-bottom:0px;\"><div class=\"fusion-column-wrapper fusion-flex-column-wrapper-legacy\"><div class=\"fusion-text fusion-text-1\"><h5 class=\"fusion-responsive-typography-calculated\" style=\"--fontsize: 20; line-height: 1.5; --minfontsize: 20; --fontSize: 20; --minFontSize: 20;\" data-fontsize=\"20\" data-lineheight=\"30px\">1. Products<\/h5>\n<p>Products in the online store cbdshop.ee are divided into product categories by group (e.g. &#8220;CBD oil&#8221;, &#8220;E-liquids&#8221;).<\/p>\n<p>Products from all groups are visible by clicking the PRODUCTS menu link.<\/p>\n<h5 class=\"fusion-responsive-typography-calculated\" style=\"--fontsize: 20; line-height: 1.5; --minfontsize: 20; --fontSize: 20; --minFontSize: 20;\" data-fontsize=\"20\" data-lineheight=\"30px\">2. Adding products to the shopping cart<\/h5>\n<p>Clicking on a product image or name opens a more detailed product description. Find a suitable product and add it to your cart by clicking &#8220;ADD TO CART&#8221;.<\/p>\n<p>You can view the contents and total of your shopping cart by hovering over the shopping cart icon in the top right.<\/p>\n<p>In the cart, you can change quantities by clicking &#8220;+&#8221; or &#8220;\u2013&#8221; in the quantity field. Products can be removed from the cart by clicking the X icon.<\/p>\n<p>If you have a discount code, enter it and click &#8220;Apply coupon&#8221;. We share discount codes in our <a href=\"https:\/\/www.facebook.com\/groups\/985283675001678\" target=\"_blank\" rel=\"noopener noreferrer\">Facebook group<\/a>, and we may also send coupons by email.<\/p>\n<h5 class=\"fusion-responsive-typography-calculated\" style=\"--fontsize: 20; line-height: 1.5; --minfontsize: 20; --fontSize: 20; --minFontSize: 20;\" data-fontsize=\"20\" data-lineheight=\"30px\">3. Completing the purchase<\/h5>\n<p>In the open cart, you can see the selected products, quantities and prices. To proceed, click &#8220;PROCEED TO CHECKOUT&#8221;.<\/p>\n<p>For billing, enter the correct details for the buyer (name, phone, address, email). A transport fee is added to all goods depending on the chosen delivery method. More information about delivery options and prices is available under the &#8220;DELIVERY&#8221; link in the footer.<\/p>\n<p>Choose a payment method \u2013 we offer payment by invoice.<\/p>\n<p>Agree to the Terms of Sale and confirm the order by clicking &#8220;CONFIRM AND PAY&#8221;.<\/p>\n<p>By placing the order, the sales transaction is considered concluded and the order invoice is displayed on screen. The order invoice is also sent to the email address entered by the customer. A separate invoice as a PDF document is also attached.<\/p>\n<h5 class=\"fusion-responsive-typography-calculated\" style=\"--fontsize: 20; line-height: 1.5; --minfontsize: 20; --fontSize: 20; --minFontSize: 20;\" data-fontsize=\"20\" data-lineheight=\"30px\">4. Payment for the order<\/h5>\n<p>The order will only be processed after payment has been made and the funds have been received in the account of the company operating the online store.<\/p>\n<p>Payment on cbdshop.ee is possible by invoice.<\/p>\n<p>The online store is the controller of personal data.<\/p>\n<p>All payments are made in euros and are debited from the payer&#8217;s account in euros.<\/p>\n<h5 class=\"fusion-responsive-typography-calculated\" style=\"--fontsize: 20; line-height: 1.5; --minfontsize: 20; --fontSize: 20; --minFontSize: 20;\" data-fontsize=\"20\" data-lineheight=\"30px\">5. Delivery of goods<\/h5>\n<p>Goods are sent to the nearest Omniva or Itella Smartpost parcel machine throughout Estonia free of charge. In Finland, goods can be collected from a Smartpost parcel machine. In Latvia, goods can be collected from an Omniva parcel machine.<\/p>\n<p>Domestic Estonian parcels are dispatched within 7 days. Parcels to Finland and Latvia are dispatched within 14 days.<\/p>\n<h5 class=\"fusion-responsive-typography-calculated\" style=\"--fontsize: 20; line-height: 1.5; --minfontsize: 20; --fontSize: 20; --minFontSize: 20;\" data-fontsize=\"20\" data-lineheight=\"30px\">6. Contact<\/h5>\n<p>For any questions, please contact us at cbdshop.estland@gmail.com.<\/p>\n<\/div><div class=\"fusion-clearfix\"><\/div><\/div><\/div><\/div><\/div>\n","protected":false},"excerpt":{"rendered":"","protected":false},"author":4,"featured_media":0,"parent":0,"menu_order":0,"comment_status":"closed","ping_status":"closed","template":"","meta":{"footnotes":""},"class_list":["post-20474","page","type-page","status-publish","hentry"],"yoast_head":"<!-- This site is optimized with the Yoast SEO plugin v27.3 - https:\/\/yoast.com\/product\/yoast-seo-wordpress\/ -->\n<title>Shopping info - CBDshop.lt<\/title>\n<meta name=\"robots\" content=\"index, follow, max-snippet:-1, max-image-preview:large, max-video-preview:-1\" \/>\n<link rel=\"canonical\" href=\"https:\/\/cbdshop.lt\/ostuinfo\/\" \/>\n<meta property=\"og:locale\" content=\"en_US\" \/>\n<meta property=\"og:type\" content=\"article\" \/>\n<meta property=\"og:title\" content=\"Shopping info - CBDshop.lt\" \/>\n<meta property=\"og:url\" content=\"https:\/\/cbdshop.lt\/ostuinfo\/\" \/>\n<meta property=\"og:site_name\" content=\"CBDshop.lt\" \/>\n<meta property=\"article:publisher\" content=\"https:\/\/m.facebook.com\/cbdshop.ee\/\" \/>\n<meta property=\"article:modified_time\" content=\"2026-04-11T18:23:26+00:00\" \/>\n<meta name=\"twitter:card\" content=\"summary_large_image\" \/>\n<meta name=\"twitter:label1\" content=\"Est. reading time\" \/>\n\t<meta name=\"twitter:data1\" content=\"3 minutes\" \/>\n<script type=\"application\/ld+json\" class=\"yoast-schema-graph\">{\"@context\":\"https:\\\/\\\/schema.org\",\"@graph\":[{\"@type\":\"WebPage\",\"@id\":\"https:\\\/\\\/cbdshop.lt\\\/ostuinfo\\\/\",\"url\":\"https:\\\/\\\/cbdshop.lt\\\/ostuinfo\\\/\",\"name\":\"Shopping info - CBDshop.lt\",\"isPartOf\":{\"@id\":\"https:\\\/\\\/cbdshop.lt\\\/#website\"},\"datePublished\":\"2019-05-08T04:51:37+00:00\",\"dateModified\":\"2026-04-11T18:23:26+00:00\",\"breadcrumb\":{\"@id\":\"https:\\\/\\\/cbdshop.lt\\\/ostuinfo\\\/#breadcrumb\"},\"inLanguage\":\"en-US\",\"potentialAction\":[{\"@type\":\"ReadAction\",\"target\":[\"https:\\\/\\\/cbdshop.lt\\\/ostuinfo\\\/\"]}]},{\"@type\":\"BreadcrumbList\",\"@id\":\"https:\\\/\\\/cbdshop.lt\\\/ostuinfo\\\/#breadcrumb\",\"itemListElement\":[{\"@type\":\"ListItem\",\"position\":1,\"name\":\"Home\",\"item\":\"https:\\\/\\\/cbdshop.lt\\\/en\\\/\"},{\"@type\":\"ListItem\",\"position\":2,\"name\":\"Shopping info\"}]},{\"@type\":\"WebSite\",\"@id\":\"https:\\\/\\\/cbdshop.lt\\\/#website\",\"url\":\"https:\\\/\\\/cbdshop.lt\\\/\",\"name\":\"CBDshop.lt\",\"description\":\"\u00d5itsed, \u00f5ietolm, CBD \u00f5li, CBD kanep, e-vedelikud\",\"publisher\":{\"@id\":\"https:\\\/\\\/cbdshop.lt\\\/#organization\"},\"potentialAction\":[{\"@type\":\"SearchAction\",\"target\":{\"@type\":\"EntryPoint\",\"urlTemplate\":\"https:\\\/\\\/cbdshop.lt\\\/?s={search_term_string}\"},\"query-input\":{\"@type\":\"PropertyValueSpecification\",\"valueRequired\":true,\"valueName\":\"search_term_string\"}}],\"inLanguage\":\"en-US\"},{\"@type\":\"Organization\",\"@id\":\"https:\\\/\\\/cbdshop.lt\\\/#organization\",\"name\":\"Nordic Synergy O\u00dc\",\"url\":\"https:\\\/\\\/cbdshop.lt\\\/\",\"logo\":{\"@type\":\"ImageObject\",\"inLanguage\":\"en-US\",\"@id\":\"https:\\\/\\\/cbdshop.lt\\\/#\\\/schema\\\/logo\\\/image\\\/\",\"url\":\"\",\"contentUrl\":\"\",\"caption\":\"Nordic Synergy O\u00dc\"},\"image\":{\"@id\":\"https:\\\/\\\/cbdshop.lt\\\/#\\\/schema\\\/logo\\\/image\\\/\"},\"sameAs\":[\"https:\\\/\\\/m.facebook.com\\\/cbdshop.ee\\\/\",\"https:\\\/\\\/www.instagram.com\\\/cbdshop.ee\\\/\"]}]}<\/script>\n<!-- \/ Yoast SEO plugin. -->","yoast_head_json":{"title":"Shopping info - CBDshop.lt","robots":{"index":"index","follow":"follow","max-snippet":"max-snippet:-1","max-image-preview":"max-image-preview:large","max-video-preview":"max-video-preview:-1"},"canonical":"https:\/\/cbdshop.lt\/ostuinfo\/","og_locale":"en_US","og_type":"article","og_title":"Shopping info - CBDshop.lt","og_url":"https:\/\/cbdshop.lt\/ostuinfo\/","og_site_name":"CBDshop.lt","article_publisher":"https:\/\/m.facebook.com\/cbdshop.ee\/","article_modified_time":"2026-04-11T18:23:26+00:00","twitter_card":"summary_large_image","twitter_misc":{"Est. reading time":"3 minutes"},"schema":{"@context":"https:\/\/schema.org","@graph":[{"@type":"WebPage","@id":"https:\/\/cbdshop.lt\/ostuinfo\/","url":"https:\/\/cbdshop.lt\/ostuinfo\/","name":"Shopping info - CBDshop.lt","isPartOf":{"@id":"https:\/\/cbdshop.lt\/#website"},"datePublished":"2019-05-08T04:51:37+00:00","dateModified":"2026-04-11T18:23:26+00:00","breadcrumb":{"@id":"https:\/\/cbdshop.lt\/ostuinfo\/#breadcrumb"},"inLanguage":"en-US","potentialAction":[{"@type":"ReadAction","target":["https:\/\/cbdshop.lt\/ostuinfo\/"]}]},{"@type":"BreadcrumbList","@id":"https:\/\/cbdshop.lt\/ostuinfo\/#breadcrumb","itemListElement":[{"@type":"ListItem","position":1,"name":"Home","item":"https:\/\/cbdshop.lt\/en\/"},{"@type":"ListItem","position":2,"name":"Shopping info"}]},{"@type":"WebSite","@id":"https:\/\/cbdshop.lt\/#website","url":"https:\/\/cbdshop.lt\/","name":"CBDshop.lt","description":"\u00d5itsed, \u00f5ietolm, CBD \u00f5li, CBD kanep, e-vedelikud","publisher":{"@id":"https:\/\/cbdshop.lt\/#organization"},"potentialAction":[{"@type":"SearchAction","target":{"@type":"EntryPoint","urlTemplate":"https:\/\/cbdshop.lt\/?s={search_term_string}"},"query-input":{"@type":"PropertyValueSpecification","valueRequired":true,"valueName":"search_term_string"}}],"inLanguage":"en-US"},{"@type":"Organization","@id":"https:\/\/cbdshop.lt\/#organization","name":"Nordic Synergy O\u00dc","url":"https:\/\/cbdshop.lt\/","logo":{"@type":"ImageObject","inLanguage":"en-US","@id":"https:\/\/cbdshop.lt\/#\/schema\/logo\/image\/","url":"","contentUrl":"","caption":"Nordic Synergy O\u00dc"},"image":{"@id":"https:\/\/cbdshop.lt\/#\/schema\/logo\/image\/"},"sameAs":["https:\/\/m.facebook.com\/cbdshop.ee\/","https:\/\/www.instagram.com\/cbdshop.ee\/"]}]}},"_links":{"self":[{"href":"https:\/\/cbdshop.lt\/en\/wp-json\/wp\/v2\/pages\/20474","targetHints":{"allow":["GET"]}}],"collection":[{"href":"https:\/\/cbdshop.lt\/en\/wp-json\/wp\/v2\/pages"}],"about":[{"href":"https:\/\/cbdshop.lt\/en\/wp-json\/wp\/v2\/types\/page"}],"author":[{"embeddable":true,"href":"https:\/\/cbdshop.lt\/en\/wp-json\/wp\/v2\/users\/4"}],"replies":[{"embeddable":true,"href":"https:\/\/cbdshop.lt\/en\/wp-json\/wp\/v2\/comments?post=20474"}],"version-history":[{"count":15,"href":"https:\/\/cbdshop.lt\/en\/wp-json\/wp\/v2\/pages\/20474\/revisions"}],"predecessor-version":[{"id":42059,"href":"https:\/\/cbdshop.lt\/en\/wp-json\/wp\/v2\/pages\/20474\/revisions\/42059"}],"wp:attachment":[{"href":"https:\/\/cbdshop.lt\/en\/wp-json\/wp\/v2\/media?parent=20474"}],"curies":[{"name":"wp","href":"https:\/\/api.w.org\/{rel}","templated":true}]}}