{"id":20478,"date":"2018-08-28T12:34:15","date_gmt":"2018-08-28T09:34:15","guid":{"rendered":"https:\/\/cbd.veebispetsid.com\/privaatsustingimused\/"},"modified":"2026-04-11T21:23:26","modified_gmt":"2026-04-11T18:23:26","slug":"privaatsustingimused","status":"publish","type":"page","link":"https:\/\/cbdshop.lt\/en\/privaatsustingimused\/","title":{"rendered":"Privacy Policy"},"content":{"rendered":"<div class=\"fusion-fullwidth fullwidth-box fusion-builder-row-1 nonhundred-percent-fullwidth non-hundred-percent-height-scrolling\" style=\"--awb-border-radius-top-left:0px;--awb-border-radius-top-right:0px;--awb-border-radius-bottom-right:0px;--awb-border-radius-bottom-left:0px;\" ><div class=\"fusion-builder-row fusion-row\"><div class=\"fusion-layout-column fusion_builder_column fusion-builder-column-0 fusion_builder_column_1_1 1_1 fusion-one-full fusion-column-first fusion-column-last\" style=\"--awb-bg-blend:overlay;--awb-bg-size:cover;\"><div class=\"fusion-column-wrapper fusion-flex-column-wrapper-legacy\"><div class=\"fusion-text fusion-text-1\"><h5 class=\"fusion-responsive-typography-calculated\" style=\"--fontsize: 20; line-height: 1.5; --minfontsize: 20; --fontSize: 20; --minFontSize: 20;\" data-fontsize=\"20\" data-lineheight=\"30px\">1. Processing of Personal Data<\/h5>\n<p>The controller of personal data for the online store cbdshop.ee is Green shop SIA (registration code 40203249140), email: cbdshop.estland@gmail.com<\/p>\n<h5 class=\"fusion-responsive-typography-calculated\" style=\"--fontsize: 20; line-height: 1.5; --minfontsize: 20; --fontSize: 20; --minFontSize: 20;\" data-fontsize=\"20\" data-lineheight=\"30px\">What personal data is processed<\/h5>\n<ul>\n<li>name, phone number and email address;<\/li>\n<li>delivery address;<\/li>\n<li>bank account number;<\/li>\n<li>cost of goods and services and payment-related data (purchase history);<\/li>\n<li>customer support data.<\/li>\n<\/ul>\n<h5 class=\"fusion-responsive-typography-calculated\" style=\"--fontsize: 20; line-height: 1.5; --minfontsize: 20; --fontSize: 20; --minFontSize: 20;\" data-fontsize=\"20\" data-lineheight=\"30px\">Purpose of personal data processing<\/h5>\n<ul>\n<li>Personal data is used to manage customer orders and deliver goods.<\/li>\n<li>Purchase history data (date, items, quantity, customer details) is used to provide an overview of purchased goods and analyse customer preferences.<\/li>\n<li>Bank account number is used to process refunds to the customer.<\/li>\n<li>Personal data such as email, phone number and customer name is processed to resolve issues related to the supply of goods and services (customer support).<\/li>\n<li>The IP address or other network identifiers of the online store user are processed to provide the online store as an information society service and to compile web usage statistics.<\/li>\n<\/ul>\n<h5 class=\"fusion-responsive-typography-calculated\" style=\"--fontsize: 20; line-height: 1.5; --minfontsize: 20; --fontSize: 20; --minFontSize: 20;\" data-fontsize=\"20\" data-lineheight=\"30px\">2. Legal basis<\/h5>\n<p>Personal data is processed for the purpose of performing a contract concluded with the customer.<\/p>\n<p>Personal data is processed to fulfil a legal obligation (e.g. accounting and resolution of consumer disputes).<\/p>\n<p><strong>Recipients to whom personal data is transferred<\/strong><\/p>\n<p>Personal data is transferred to the online store&#8217;s customer support for managing purchases and purchase history and resolving customer issues.<\/p>\n<p>Name and phone number are transferred to the transport service provider chosen by the customer and\/or the supplier of goods if the goods are dispatched by the supplier. In the case of courier delivery or if the customer orders the goods to a post office, the customer&#8217;s address is also transferred in addition to contact details.<\/p>\n<p>If the accounting of the online store is carried out by a service provider, personal data is transferred to the service provider for accounting purposes.<br \/>\nPersonal data may be transferred to IT service providers if necessary to ensure the functionality or data hosting of the online store.<\/p>\n<h5 class=\"fusion-responsive-typography-calculated\" style=\"--fontsize: 20; line-height: 1.5; --minfontsize: 20; --fontSize: 20; --minFontSize: 20;\" data-fontsize=\"20\" data-lineheight=\"30px\">3. Security and access to data<\/h5>\n<p>Personal data is stored on Veebimajutus.ee servers located in the territory of European Union member states or countries that have joined the European Economic Area. Data may be transferred to countries whose level of data protection has been assessed as adequate by the European Commission and to companies that have joined the Privacy Shield framework.<\/p>\n<p>Online store employees have access to personal data in order to resolve technical issues related to the use of the online store and to provide customer support services.<\/p>\n<p>The online store implements appropriate physical, organisational and information security measures to protect personal data against accidental or unlawful destruction, loss, alteration, unauthorised access and disclosure.<\/p>\n<p>The online store is the controller of personal data; the online store transfers personal data necessary for payment processing to the authorised processor Maksekeskus AS.<br \/>\nThe transfer of personal data to authorised processors of the online store (e.g. transport service provider and data hosting) takes place on the basis of agreements concluded between the online store and the authorised processors. Authorised processors are obliged to ensure appropriate safeguards when processing personal data.<\/p>\n<h5 class=\"fusion-responsive-typography-calculated\" style=\"--fontsize: 20; line-height: 1.5; --minfontsize: 20; --fontSize: 20; --minFontSize: 20;\" data-fontsize=\"20\" data-lineheight=\"30px\">4. Access to and correction of personal data<\/h5>\n<p>Personal data can be accessed and corrected in the user profile of the online store. If a purchase was made without a user account, personal data can be accessed through customer support.<\/p>\n<h5 class=\"fusion-responsive-typography-calculated\" style=\"--fontsize: 20; line-height: 1.5; --minfontsize: 20; --fontSize: 20; --minFontSize: 20;\" data-fontsize=\"20\" data-lineheight=\"30px\">5. Withdrawal of consent<\/h5>\n<p>If personal data is processed on the basis of the customer&#8217;s consent, the customer has the right to withdraw consent by notifying customer support by email.<\/p>\n<h5 class=\"fusion-responsive-typography-calculated\" style=\"--fontsize: 20; line-height: 1.5; --minfontsize: 20; --fontSize: 20; --minFontSize: 20;\" data-fontsize=\"20\" data-lineheight=\"30px\">6. Retention<\/h5>\n<p>Upon closure of the online store customer account, personal data is deleted, unless such data must be retained for accounting purposes or for resolving consumer disputes.<\/p>\n<p>If a purchase has been made in the online store without a customer account, the purchase history is retained for three years.<\/p>\n<p>In the case of disputes related to payments and consumer disputes, personal data is retained until the claim is fulfilled or the limitation period expires.<\/p>\n<p>Personal data required for accounting is retained for seven years.<\/p>\n<h5 class=\"fusion-responsive-typography-calculated\" style=\"--fontsize: 20; line-height: 1.5; --minfontsize: 20; --fontSize: 20; --minFontSize: 20;\" data-fontsize=\"20\" data-lineheight=\"30px\">7. Deletion<\/h5>\n<p>To delete personal data, please contact customer support by email. A deletion request will be responded to no later than one month, and the period for deletion of data will be specified.<\/p>\n<h5 class=\"fusion-responsive-typography-calculated\" style=\"--fontsize: 20; line-height: 1.5; --minfontsize: 20; --fontSize: 20; --minFontSize: 20;\" data-fontsize=\"20\" data-lineheight=\"30px\">8. Transfer<\/h5>\n<p>A request for the transfer of personal data submitted by email will be responded to no later than one month. Customer support will verify identity and inform about the personal data to be transferred.<\/p>\n<h5 class=\"fusion-responsive-typography-calculated\" style=\"--fontsize: 20; line-height: 1.5; --minfontsize: 20; --fontSize: 20; --minFontSize: 20;\" data-fontsize=\"20\" data-lineheight=\"30px\">9. Direct marketing messages<\/h5>\n<p>Email address and phone number are used to send direct marketing messages if the customer has given their consent. If the customer does not wish to receive direct marketing messages, they should select the corresponding link in the email footer or contact customer support.<\/p>\n<p>If personal data is processed for direct marketing purposes (profiling), the customer has the right to object at any time to the processing of their personal data, both initial and further, including profiling related to direct marketing, by notifying customer support by email (this information must be provided clearly and separately from any other information).<\/p>\n<h5 class=\"fusion-responsive-typography-calculated\" style=\"--fontsize: 20; line-height: 1.5; --minfontsize: 20; --fontSize: 20; --minFontSize: 20;\" data-fontsize=\"20\" data-lineheight=\"30px\">10. Dispute resolution<\/h5>\n<p>Disputes relating to the processing of personal data are resolved through customer support (email: cbdshop.estland@gmail.com). The supervisory authority is the Estonian Data Protection Inspectorate (info@aki.ee).<\/p>\n<\/div><div class=\"fusion-clearfix\"><\/div><\/div><\/div><\/div><\/div>\n","protected":false},"excerpt":{"rendered":"","protected":false},"author":4,"featured_media":0,"parent":0,"menu_order":0,"comment_status":"closed","ping_status":"closed","template":"","meta":{"footnotes":""},"class_list":["post-20478","page","type-page","status-publish","hentry"],"yoast_head":"<!-- This site is optimized with the Yoast SEO plugin v27.3 - https:\/\/yoast.com\/product\/yoast-seo-wordpress\/ -->\n<title>Privacy Policy - CBDshop.lt<\/title>\n<meta name=\"robots\" content=\"index, follow, max-snippet:-1, max-image-preview:large, max-video-preview:-1\" \/>\n<link rel=\"canonical\" href=\"https:\/\/cbdshop.lt\/privaatsustingimused\/\" \/>\n<meta property=\"og:locale\" content=\"en_US\" \/>\n<meta property=\"og:type\" content=\"article\" \/>\n<meta property=\"og:title\" content=\"Privacy Policy - CBDshop.lt\" \/>\n<meta property=\"og:url\" content=\"https:\/\/cbdshop.lt\/privaatsustingimused\/\" \/>\n<meta property=\"og:site_name\" content=\"CBDshop.lt\" \/>\n<meta property=\"article:publisher\" content=\"https:\/\/m.facebook.com\/cbdshop.ee\/\" \/>\n<meta property=\"article:modified_time\" content=\"2026-04-11T18:23:26+00:00\" \/>\n<meta name=\"twitter:card\" content=\"summary_large_image\" \/>\n<meta name=\"twitter:label1\" content=\"Est. reading time\" \/>\n\t<meta name=\"twitter:data1\" content=\"6 minutes\" \/>\n<script type=\"application\/ld+json\" class=\"yoast-schema-graph\">{\"@context\":\"https:\\\/\\\/schema.org\",\"@graph\":[{\"@type\":\"WebPage\",\"@id\":\"https:\\\/\\\/cbdshop.lt\\\/privaatsustingimused\\\/\",\"url\":\"https:\\\/\\\/cbdshop.lt\\\/privaatsustingimused\\\/\",\"name\":\"Privacy Policy - CBDshop.lt\",\"isPartOf\":{\"@id\":\"https:\\\/\\\/cbdshop.lt\\\/#website\"},\"datePublished\":\"2018-08-28T09:34:15+00:00\",\"dateModified\":\"2026-04-11T18:23:26+00:00\",\"breadcrumb\":{\"@id\":\"https:\\\/\\\/cbdshop.lt\\\/privaatsustingimused\\\/#breadcrumb\"},\"inLanguage\":\"en-US\",\"potentialAction\":[{\"@type\":\"ReadAction\",\"target\":[\"https:\\\/\\\/cbdshop.lt\\\/privaatsustingimused\\\/\"]}]},{\"@type\":\"BreadcrumbList\",\"@id\":\"https:\\\/\\\/cbdshop.lt\\\/privaatsustingimused\\\/#breadcrumb\",\"itemListElement\":[{\"@type\":\"ListItem\",\"position\":1,\"name\":\"Home\",\"item\":\"https:\\\/\\\/cbdshop.lt\\\/en\\\/\"},{\"@type\":\"ListItem\",\"position\":2,\"name\":\"Privacy Policy\"}]},{\"@type\":\"WebSite\",\"@id\":\"https:\\\/\\\/cbdshop.lt\\\/#website\",\"url\":\"https:\\\/\\\/cbdshop.lt\\\/\",\"name\":\"CBDshop.lt\",\"description\":\"\u00d5itsed, \u00f5ietolm, CBD \u00f5li, CBD kanep, e-vedelikud\",\"publisher\":{\"@id\":\"https:\\\/\\\/cbdshop.lt\\\/#organization\"},\"potentialAction\":[{\"@type\":\"SearchAction\",\"target\":{\"@type\":\"EntryPoint\",\"urlTemplate\":\"https:\\\/\\\/cbdshop.lt\\\/?s={search_term_string}\"},\"query-input\":{\"@type\":\"PropertyValueSpecification\",\"valueRequired\":true,\"valueName\":\"search_term_string\"}}],\"inLanguage\":\"en-US\"},{\"@type\":\"Organization\",\"@id\":\"https:\\\/\\\/cbdshop.lt\\\/#organization\",\"name\":\"Nordic Synergy O\u00dc\",\"url\":\"https:\\\/\\\/cbdshop.lt\\\/\",\"logo\":{\"@type\":\"ImageObject\",\"inLanguage\":\"en-US\",\"@id\":\"https:\\\/\\\/cbdshop.lt\\\/#\\\/schema\\\/logo\\\/image\\\/\",\"url\":\"\",\"contentUrl\":\"\",\"caption\":\"Nordic Synergy O\u00dc\"},\"image\":{\"@id\":\"https:\\\/\\\/cbdshop.lt\\\/#\\\/schema\\\/logo\\\/image\\\/\"},\"sameAs\":[\"https:\\\/\\\/m.facebook.com\\\/cbdshop.ee\\\/\",\"https:\\\/\\\/www.instagram.com\\\/cbdshop.ee\\\/\"]}]}<\/script>\n<!-- \/ Yoast SEO plugin. -->","yoast_head_json":{"title":"Privacy Policy - CBDshop.lt","robots":{"index":"index","follow":"follow","max-snippet":"max-snippet:-1","max-image-preview":"max-image-preview:large","max-video-preview":"max-video-preview:-1"},"canonical":"https:\/\/cbdshop.lt\/privaatsustingimused\/","og_locale":"en_US","og_type":"article","og_title":"Privacy Policy - CBDshop.lt","og_url":"https:\/\/cbdshop.lt\/privaatsustingimused\/","og_site_name":"CBDshop.lt","article_publisher":"https:\/\/m.facebook.com\/cbdshop.ee\/","article_modified_time":"2026-04-11T18:23:26+00:00","twitter_card":"summary_large_image","twitter_misc":{"Est. reading time":"6 minutes"},"schema":{"@context":"https:\/\/schema.org","@graph":[{"@type":"WebPage","@id":"https:\/\/cbdshop.lt\/privaatsustingimused\/","url":"https:\/\/cbdshop.lt\/privaatsustingimused\/","name":"Privacy Policy - CBDshop.lt","isPartOf":{"@id":"https:\/\/cbdshop.lt\/#website"},"datePublished":"2018-08-28T09:34:15+00:00","dateModified":"2026-04-11T18:23:26+00:00","breadcrumb":{"@id":"https:\/\/cbdshop.lt\/privaatsustingimused\/#breadcrumb"},"inLanguage":"en-US","potentialAction":[{"@type":"ReadAction","target":["https:\/\/cbdshop.lt\/privaatsustingimused\/"]}]},{"@type":"BreadcrumbList","@id":"https:\/\/cbdshop.lt\/privaatsustingimused\/#breadcrumb","itemListElement":[{"@type":"ListItem","position":1,"name":"Home","item":"https:\/\/cbdshop.lt\/en\/"},{"@type":"ListItem","position":2,"name":"Privacy Policy"}]},{"@type":"WebSite","@id":"https:\/\/cbdshop.lt\/#website","url":"https:\/\/cbdshop.lt\/","name":"CBDshop.lt","description":"\u00d5itsed, \u00f5ietolm, CBD \u00f5li, CBD kanep, e-vedelikud","publisher":{"@id":"https:\/\/cbdshop.lt\/#organization"},"potentialAction":[{"@type":"SearchAction","target":{"@type":"EntryPoint","urlTemplate":"https:\/\/cbdshop.lt\/?s={search_term_string}"},"query-input":{"@type":"PropertyValueSpecification","valueRequired":true,"valueName":"search_term_string"}}],"inLanguage":"en-US"},{"@type":"Organization","@id":"https:\/\/cbdshop.lt\/#organization","name":"Nordic Synergy O\u00dc","url":"https:\/\/cbdshop.lt\/","logo":{"@type":"ImageObject","inLanguage":"en-US","@id":"https:\/\/cbdshop.lt\/#\/schema\/logo\/image\/","url":"","contentUrl":"","caption":"Nordic Synergy O\u00dc"},"image":{"@id":"https:\/\/cbdshop.lt\/#\/schema\/logo\/image\/"},"sameAs":["https:\/\/m.facebook.com\/cbdshop.ee\/","https:\/\/www.instagram.com\/cbdshop.ee\/"]}]}},"_links":{"self":[{"href":"https:\/\/cbdshop.lt\/en\/wp-json\/wp\/v2\/pages\/20478","targetHints":{"allow":["GET"]}}],"collection":[{"href":"https:\/\/cbdshop.lt\/en\/wp-json\/wp\/v2\/pages"}],"about":[{"href":"https:\/\/cbdshop.lt\/en\/wp-json\/wp\/v2\/types\/page"}],"author":[{"embeddable":true,"href":"https:\/\/cbdshop.lt\/en\/wp-json\/wp\/v2\/users\/4"}],"replies":[{"embeddable":true,"href":"https:\/\/cbdshop.lt\/en\/wp-json\/wp\/v2\/comments?post=20478"}],"version-history":[{"count":399,"href":"https:\/\/cbdshop.lt\/en\/wp-json\/wp\/v2\/pages\/20478\/revisions"}],"predecessor-version":[{"id":42206,"href":"https:\/\/cbdshop.lt\/en\/wp-json\/wp\/v2\/pages\/20478\/revisions\/42206"}],"wp:attachment":[{"href":"https:\/\/cbdshop.lt\/en\/wp-json\/wp\/v2\/media?parent=20478"}],"curies":[{"name":"wp","href":"https:\/\/api.w.org\/{rel}","templated":true}]}}