{"id":20481,"date":"2018-11-30T12:00:36","date_gmt":"2018-11-30T10:00:36","guid":{"rendered":"https:\/\/cbd.veebispetsid.com\/tarne\/"},"modified":"2026-04-11T21:23:26","modified_gmt":"2026-04-11T18:23:26","slug":"tarne","status":"publish","type":"page","link":"https:\/\/cbdshop.lt\/en\/tarne\/","title":{"rendered":"Delivery"},"content":{"rendered":"<div class=\"fusion-fullwidth fullwidth-box fusion-builder-row-1 nonhundred-percent-fullwidth non-hundred-percent-height-scrolling\" style=\"--awb-border-radius-top-left:0px;--awb-border-radius-top-right:0px;--awb-border-radius-bottom-right:0px;--awb-border-radius-bottom-left:0px;\" ><div class=\"fusion-builder-row fusion-row\"><div class=\"fusion-layout-column fusion_builder_column fusion-builder-column-0 fusion_builder_column_1_1 1_1 fusion-one-full fusion-column-first fusion-column-last\" style=\"--awb-bg-size:cover;\"><div class=\"fusion-column-wrapper fusion-flex-column-wrapper-legacy\"><div class=\"fusion-text fusion-text-1\"><h5 data-fontsize=\"20\" data-lineheight=\"30px\" class=\"fusion-responsive-typography-calculated\" style=\"--fontSize:20; line-height: 1.5; --minFontSize:20;\">Estonia<\/h5>\n<p>Free shipping throughout Estonia! Orders are dispatched within 7 days at the latest. Free shipping from \u20ac20.<\/p>\n<p><strong>Order to an Omniva parcel machine \u2013 \u20ac2.90<\/strong><br \/>\nWhen your parcel arrives at the parcel machine, you will receive an SMS with the location of the parcel machine and the door code.<br \/>\nMore info: <a href=\"https:\/\/www.omniva.ee\/\" target=\"_blank\" rel=\"noopener noreferrer\">www.omniva.ee<\/a><\/p>\n<p><strong>Order to a Smartpost parcel machine \u2013 <\/strong><b>\u20ac2.90<\/b><strong><\/strong><br \/>\nWhen your parcel arrives at the parcel machine, you will receive an SMS with the location of the parcel machine and the door code.<br \/>\nMore info: <a href=\"http:\/\/uus.smartpost.ee\/\" target=\"_blank\" rel=\"noopener noreferrer\">www.smartpost.ee<\/a><\/p>\n<h5 data-fontsize=\"20\" data-lineheight=\"30px\" class=\"fusion-responsive-typography-calculated\" style=\"--fontSize:20; line-height: 1.5; --minFontSize:20;\">Finland<\/h5>\n<p>Orders are dispatched within 14 days at the latest.<\/p>\n<p><strong>Order to a Smartpost parcel machine \u2013 \u20ac10<\/strong><br \/>\nWhen your parcel arrives at the parcel machine, you will receive an SMS with the location of the parcel machine and the door code.<br \/>\nMore info: <a href=\"http:\/\/uus.smartpost.ee\/\" target=\"_blank\" rel=\"noopener noreferrer\">www.smartpost.ee<\/a><\/p>\n<h5 data-fontsize=\"20\" data-lineheight=\"30px\" class=\"fusion-responsive-typography-calculated\" style=\"--fontSize:20; line-height: 1.5; --minFontSize:20;\">Latvia<\/h5>\n<p>Orders are dispatched within 14 days at the latest.<\/p>\n<p><strong>Order to an Omniva parcel machine \u2013 \u20ac5<\/strong><br \/>\nWhen your parcel arrives at the parcel machine, you will receive an SMS with the location of the parcel machine and the door code.<br \/>\nMore info: <a href=\"https:\/\/www.omniva.ee\/\" target=\"_blank\" rel=\"noopener noreferrer\">www.omniva.ee<\/a><\/p>\n<\/div><div class=\"fusion-clearfix\"><\/div><\/div><\/div><\/div><\/div>\n","protected":false},"excerpt":{"rendered":"","protected":false},"author":2,"featured_media":0,"parent":0,"menu_order":0,"comment_status":"closed","ping_status":"closed","template":"","meta":{"footnotes":""},"class_list":["post-20481","page","type-page","status-publish","hentry"],"yoast_head":"<!-- This site is optimized with the Yoast SEO plugin v27.3 - https:\/\/yoast.com\/product\/yoast-seo-wordpress\/ -->\n<title>Delivery - CBDshop.lt<\/title>\n<meta name=\"robots\" content=\"index, follow, max-snippet:-1, max-image-preview:large, max-video-preview:-1\" \/>\n<link rel=\"canonical\" href=\"https:\/\/cbdshop.lt\/tarne\/\" \/>\n<meta property=\"og:locale\" content=\"en_US\" \/>\n<meta property=\"og:type\" content=\"article\" \/>\n<meta property=\"og:title\" content=\"Delivery - CBDshop.lt\" \/>\n<meta property=\"og:url\" content=\"https:\/\/cbdshop.lt\/tarne\/\" \/>\n<meta property=\"og:site_name\" content=\"CBDshop.lt\" \/>\n<meta property=\"article:publisher\" content=\"https:\/\/m.facebook.com\/cbdshop.ee\/\" \/>\n<meta property=\"article:modified_time\" content=\"2026-04-11T18:23:26+00:00\" \/>\n<meta name=\"twitter:card\" content=\"summary_large_image\" \/>\n<meta name=\"twitter:label1\" content=\"Est. reading time\" \/>\n\t<meta name=\"twitter:data1\" content=\"2 minutes\" \/>\n<script type=\"application\/ld+json\" class=\"yoast-schema-graph\">{\"@context\":\"https:\\\/\\\/schema.org\",\"@graph\":[{\"@type\":\"WebPage\",\"@id\":\"https:\\\/\\\/cbdshop.lt\\\/tarne\\\/\",\"url\":\"https:\\\/\\\/cbdshop.lt\\\/tarne\\\/\",\"name\":\"Delivery - CBDshop.lt\",\"isPartOf\":{\"@id\":\"https:\\\/\\\/cbdshop.lt\\\/#website\"},\"datePublished\":\"2018-11-30T10:00:36+00:00\",\"dateModified\":\"2026-04-11T18:23:26+00:00\",\"breadcrumb\":{\"@id\":\"https:\\\/\\\/cbdshop.lt\\\/tarne\\\/#breadcrumb\"},\"inLanguage\":\"en-US\",\"potentialAction\":[{\"@type\":\"ReadAction\",\"target\":[\"https:\\\/\\\/cbdshop.lt\\\/tarne\\\/\"]}]},{\"@type\":\"BreadcrumbList\",\"@id\":\"https:\\\/\\\/cbdshop.lt\\\/tarne\\\/#breadcrumb\",\"itemListElement\":[{\"@type\":\"ListItem\",\"position\":1,\"name\":\"Home\",\"item\":\"https:\\\/\\\/cbdshop.lt\\\/en\\\/\"},{\"@type\":\"ListItem\",\"position\":2,\"name\":\"Delivery\"}]},{\"@type\":\"WebSite\",\"@id\":\"https:\\\/\\\/cbdshop.lt\\\/#website\",\"url\":\"https:\\\/\\\/cbdshop.lt\\\/\",\"name\":\"CBDshop.lt\",\"description\":\"\u00d5itsed, \u00f5ietolm, CBD \u00f5li, CBD kanep, e-vedelikud\",\"publisher\":{\"@id\":\"https:\\\/\\\/cbdshop.lt\\\/#organization\"},\"potentialAction\":[{\"@type\":\"SearchAction\",\"target\":{\"@type\":\"EntryPoint\",\"urlTemplate\":\"https:\\\/\\\/cbdshop.lt\\\/?s={search_term_string}\"},\"query-input\":{\"@type\":\"PropertyValueSpecification\",\"valueRequired\":true,\"valueName\":\"search_term_string\"}}],\"inLanguage\":\"en-US\"},{\"@type\":\"Organization\",\"@id\":\"https:\\\/\\\/cbdshop.lt\\\/#organization\",\"name\":\"Nordic Synergy O\u00dc\",\"url\":\"https:\\\/\\\/cbdshop.lt\\\/\",\"logo\":{\"@type\":\"ImageObject\",\"inLanguage\":\"en-US\",\"@id\":\"https:\\\/\\\/cbdshop.lt\\\/#\\\/schema\\\/logo\\\/image\\\/\",\"url\":\"\",\"contentUrl\":\"\",\"caption\":\"Nordic Synergy O\u00dc\"},\"image\":{\"@id\":\"https:\\\/\\\/cbdshop.lt\\\/#\\\/schema\\\/logo\\\/image\\\/\"},\"sameAs\":[\"https:\\\/\\\/m.facebook.com\\\/cbdshop.ee\\\/\",\"https:\\\/\\\/www.instagram.com\\\/cbdshop.ee\\\/\"]}]}<\/script>\n<!-- \/ Yoast SEO plugin. -->","yoast_head_json":{"title":"Delivery - CBDshop.lt","robots":{"index":"index","follow":"follow","max-snippet":"max-snippet:-1","max-image-preview":"max-image-preview:large","max-video-preview":"max-video-preview:-1"},"canonical":"https:\/\/cbdshop.lt\/tarne\/","og_locale":"en_US","og_type":"article","og_title":"Delivery - CBDshop.lt","og_url":"https:\/\/cbdshop.lt\/tarne\/","og_site_name":"CBDshop.lt","article_publisher":"https:\/\/m.facebook.com\/cbdshop.ee\/","article_modified_time":"2026-04-11T18:23:26+00:00","twitter_card":"summary_large_image","twitter_misc":{"Est. reading time":"2 minutes"},"schema":{"@context":"https:\/\/schema.org","@graph":[{"@type":"WebPage","@id":"https:\/\/cbdshop.lt\/tarne\/","url":"https:\/\/cbdshop.lt\/tarne\/","name":"Delivery - CBDshop.lt","isPartOf":{"@id":"https:\/\/cbdshop.lt\/#website"},"datePublished":"2018-11-30T10:00:36+00:00","dateModified":"2026-04-11T18:23:26+00:00","breadcrumb":{"@id":"https:\/\/cbdshop.lt\/tarne\/#breadcrumb"},"inLanguage":"en-US","potentialAction":[{"@type":"ReadAction","target":["https:\/\/cbdshop.lt\/tarne\/"]}]},{"@type":"BreadcrumbList","@id":"https:\/\/cbdshop.lt\/tarne\/#breadcrumb","itemListElement":[{"@type":"ListItem","position":1,"name":"Home","item":"https:\/\/cbdshop.lt\/en\/"},{"@type":"ListItem","position":2,"name":"Delivery"}]},{"@type":"WebSite","@id":"https:\/\/cbdshop.lt\/#website","url":"https:\/\/cbdshop.lt\/","name":"CBDshop.lt","description":"\u00d5itsed, \u00f5ietolm, CBD \u00f5li, CBD kanep, e-vedelikud","publisher":{"@id":"https:\/\/cbdshop.lt\/#organization"},"potentialAction":[{"@type":"SearchAction","target":{"@type":"EntryPoint","urlTemplate":"https:\/\/cbdshop.lt\/?s={search_term_string}"},"query-input":{"@type":"PropertyValueSpecification","valueRequired":true,"valueName":"search_term_string"}}],"inLanguage":"en-US"},{"@type":"Organization","@id":"https:\/\/cbdshop.lt\/#organization","name":"Nordic Synergy O\u00dc","url":"https:\/\/cbdshop.lt\/","logo":{"@type":"ImageObject","inLanguage":"en-US","@id":"https:\/\/cbdshop.lt\/#\/schema\/logo\/image\/","url":"","contentUrl":"","caption":"Nordic Synergy O\u00dc"},"image":{"@id":"https:\/\/cbdshop.lt\/#\/schema\/logo\/image\/"},"sameAs":["https:\/\/m.facebook.com\/cbdshop.ee\/","https:\/\/www.instagram.com\/cbdshop.ee\/"]}]}},"_links":{"self":[{"href":"https:\/\/cbdshop.lt\/en\/wp-json\/wp\/v2\/pages\/20481","targetHints":{"allow":["GET"]}}],"collection":[{"href":"https:\/\/cbdshop.lt\/en\/wp-json\/wp\/v2\/pages"}],"about":[{"href":"https:\/\/cbdshop.lt\/en\/wp-json\/wp\/v2\/types\/page"}],"author":[{"embeddable":true,"href":"https:\/\/cbdshop.lt\/en\/wp-json\/wp\/v2\/users\/2"}],"replies":[{"embeddable":true,"href":"https:\/\/cbdshop.lt\/en\/wp-json\/wp\/v2\/comments?post=20481"}],"version-history":[{"count":12,"href":"https:\/\/cbdshop.lt\/en\/wp-json\/wp\/v2\/pages\/20481\/revisions"}],"predecessor-version":[{"id":42035,"href":"https:\/\/cbdshop.lt\/en\/wp-json\/wp\/v2\/pages\/20481\/revisions\/42035"}],"wp:attachment":[{"href":"https:\/\/cbdshop.lt\/en\/wp-json\/wp\/v2\/media?parent=20481"}],"curies":[{"name":"wp","href":"https:\/\/api.w.org\/{rel}","templated":true}]}}