{"id":36433,"date":"2024-10-02T17:50:05","date_gmt":"2024-10-02T14:50:05","guid":{"rendered":"https:\/\/cbdshop.lt\/?post_type=product&#038;p=36433"},"modified":"2024-11-08T16:53:00","modified_gmt":"2024-11-08T14:53:00","slug":"prof-color-clap-windproof-blue-flame-lighters","status":"publish","type":"product","link":"https:\/\/cbdshop.lt\/en\/toode\/prof-color-clap-windproof-blue-flame-lighters\/","title":{"rendered":"Prof Color Clap Windproof Blue Flame Lighters"},"content":{"rendered":"","protected":false},"excerpt":{"rendered":"<p>These lighters are not just colorful and fanciful, they are as functional as can be. Built to withstand extreme weather conditions, the Prof\u2019s Colour Clap lighters are easy to use. With an excellent and fast ignition technology, the lighters can burn at high temperatures, producing no smoke or odour during use. This makes them safe for indoor use.<\/p>\n<p>Random color<\/p>\n","protected":false},"featured_media":36434,"comment_status":"open","ping_status":"closed","template":"","meta":[],"product_brand":[],"product_cat":[564],"product_tag":[],"class_list":{"0":"post-36433","1":"product","2":"type-product","3":"status-publish","4":"has-post-thumbnail","6":"product_cat-accessories","8":"first","9":"instock","10":"taxable","11":"shipping-taxable","12":"purchasable","13":"product-type-simple"},"yoast_head":"<!-- This site is optimized with the Yoast SEO plugin v27.3 - https:\/\/yoast.com\/product\/yoast-seo-wordpress\/ -->\n<title>Prof Color Clap Windproof Blue Flame Lighters - CBDshop.lt<\/title>\n<meta name=\"description\" content=\"Prof Color Clap Windproof Blue Flame Lighters \u2013 U\u017esisakykite kokybi\u0161k\u0105 CBD produkt\u0105 u\u017e geriausi\u0105 kain\u0105. Nemokamas pristatymas Lietuvoje, diskreti\u0161ka pakuot\u0117. Patogiai pirkite CBDshop el. parduotuv\u0117je - greitai ir saugiai!\" \/>\n<meta name=\"robots\" content=\"index, follow, max-snippet:-1, max-image-preview:large, max-video-preview:-1\" \/>\n<link rel=\"canonical\" href=\"https:\/\/cbdshop.lt\/en\/toode\/prof-color-clap-windproof-blue-flame-lighters\/\" \/>\n<meta property=\"og:locale\" content=\"en_US\" \/>\n<meta property=\"og:type\" content=\"article\" \/>\n<meta property=\"og:title\" content=\"Prof Color Clap Windproof Blue Flame Lighters - CBDshop.lt\" \/>\n<meta property=\"og:description\" content=\"Prof Color Clap Windproof Blue Flame Lighters \u2013 U\u017esisakykite kokybi\u0161k\u0105 CBD produkt\u0105 u\u017e geriausi\u0105 kain\u0105. Nemokamas pristatymas Lietuvoje, diskreti\u0161ka pakuot\u0117. Patogiai pirkite CBDshop el. parduotuv\u0117je - greitai ir saugiai!\" \/>\n<meta property=\"og:url\" content=\"https:\/\/cbdshop.lt\/en\/toode\/prof-color-clap-windproof-blue-flame-lighters\/\" \/>\n<meta property=\"og:site_name\" content=\"CBDshop.lt\" \/>\n<meta property=\"article:publisher\" content=\"https:\/\/m.facebook.com\/cbdshop.ee\/\" \/>\n<meta property=\"article:modified_time\" content=\"2024-11-08T14:53:00+00:00\" \/>\n<meta property=\"og:image\" content=\"https:\/\/cbdshop.lt\/wp-content\/uploads\/2024\/10\/wholesale-prof-color-clap-5.jpg\" \/>\n\t<meta property=\"og:image:width\" content=\"1000\" \/>\n\t<meta property=\"og:image:height\" content=\"1000\" \/>\n\t<meta property=\"og:image:type\" content=\"image\/jpeg\" \/>\n<meta name=\"twitter:card\" content=\"summary_large_image\" \/>\n<script type=\"application\/ld+json\" class=\"yoast-schema-graph\">{\"@context\":\"https:\\\/\\\/schema.org\",\"@graph\":[{\"@type\":\"WebPage\",\"@id\":\"https:\\\/\\\/cbdshop.lt\\\/en\\\/toode\\\/prof-color-clap-windproof-blue-flame-lighters\\\/\",\"url\":\"https:\\\/\\\/cbdshop.lt\\\/en\\\/toode\\\/prof-color-clap-windproof-blue-flame-lighters\\\/\",\"name\":\"Prof Color Clap Windproof Blue Flame Lighters - CBDshop.lt\",\"isPartOf\":{\"@id\":\"https:\\\/\\\/cbdshop.lt\\\/#website\"},\"primaryImageOfPage\":{\"@id\":\"https:\\\/\\\/cbdshop.lt\\\/en\\\/toode\\\/prof-color-clap-windproof-blue-flame-lighters\\\/#primaryimage\"},\"image\":{\"@id\":\"https:\\\/\\\/cbdshop.lt\\\/en\\\/toode\\\/prof-color-clap-windproof-blue-flame-lighters\\\/#primaryimage\"},\"thumbnailUrl\":\"https:\\\/\\\/cbdshop.lt\\\/wp-content\\\/uploads\\\/2024\\\/10\\\/wholesale-prof-color-clap-5.jpg\",\"datePublished\":\"2024-10-02T14:50:05+00:00\",\"dateModified\":\"2024-11-08T14:53:00+00:00\",\"description\":\"Prof Color Clap Windproof Blue Flame Lighters \u2013 U\u017esisakykite kokybi\u0161k\u0105 CBD produkt\u0105 u\u017e geriausi\u0105 kain\u0105. Nemokamas pristatymas Lietuvoje, diskreti\u0161ka pakuot\u0117. Patogiai pirkite CBDshop el. parduotuv\u0117je - greitai ir saugiai!\",\"breadcrumb\":{\"@id\":\"https:\\\/\\\/cbdshop.lt\\\/en\\\/toode\\\/prof-color-clap-windproof-blue-flame-lighters\\\/#breadcrumb\"},\"inLanguage\":\"en-US\",\"potentialAction\":[{\"@type\":\"ReadAction\",\"target\":[\"https:\\\/\\\/cbdshop.lt\\\/en\\\/toode\\\/prof-color-clap-windproof-blue-flame-lighters\\\/\"]}]},{\"@type\":\"ImageObject\",\"inLanguage\":\"en-US\",\"@id\":\"https:\\\/\\\/cbdshop.lt\\\/en\\\/toode\\\/prof-color-clap-windproof-blue-flame-lighters\\\/#primaryimage\",\"url\":\"https:\\\/\\\/cbdshop.lt\\\/wp-content\\\/uploads\\\/2024\\\/10\\\/wholesale-prof-color-clap-5.jpg\",\"contentUrl\":\"https:\\\/\\\/cbdshop.lt\\\/wp-content\\\/uploads\\\/2024\\\/10\\\/wholesale-prof-color-clap-5.jpg\",\"width\":1000,\"height\":1000},{\"@type\":\"BreadcrumbList\",\"@id\":\"https:\\\/\\\/cbdshop.lt\\\/en\\\/toode\\\/prof-color-clap-windproof-blue-flame-lighters\\\/#breadcrumb\",\"itemListElement\":[{\"@type\":\"ListItem\",\"position\":1,\"name\":\"Home\",\"item\":\"https:\\\/\\\/cbdshop.lt\\\/en\\\/\"},{\"@type\":\"ListItem\",\"position\":2,\"name\":\"Products\",\"item\":\"https:\\\/\\\/cbdshop.lt\\\/en\\\/tooted\\\/\"},{\"@type\":\"ListItem\",\"position\":3,\"name\":\"Prof Color Clap Windproof Blue Flame Lighters\"}]},{\"@type\":\"WebSite\",\"@id\":\"https:\\\/\\\/cbdshop.lt\\\/#website\",\"url\":\"https:\\\/\\\/cbdshop.lt\\\/\",\"name\":\"CBDshop.lt\",\"description\":\"\u00d5itsed, \u00f5ietolm, CBD \u00f5li, CBD kanep, e-vedelikud\",\"publisher\":{\"@id\":\"https:\\\/\\\/cbdshop.lt\\\/#organization\"},\"potentialAction\":[{\"@type\":\"SearchAction\",\"target\":{\"@type\":\"EntryPoint\",\"urlTemplate\":\"https:\\\/\\\/cbdshop.lt\\\/?s={search_term_string}\"},\"query-input\":{\"@type\":\"PropertyValueSpecification\",\"valueRequired\":true,\"valueName\":\"search_term_string\"}}],\"inLanguage\":\"en-US\"},{\"@type\":\"Organization\",\"@id\":\"https:\\\/\\\/cbdshop.lt\\\/#organization\",\"name\":\"Nordic Synergy O\u00dc\",\"url\":\"https:\\\/\\\/cbdshop.lt\\\/\",\"logo\":{\"@type\":\"ImageObject\",\"inLanguage\":\"en-US\",\"@id\":\"https:\\\/\\\/cbdshop.lt\\\/#\\\/schema\\\/logo\\\/image\\\/\",\"url\":\"\",\"contentUrl\":\"\",\"caption\":\"Nordic Synergy O\u00dc\"},\"image\":{\"@id\":\"https:\\\/\\\/cbdshop.lt\\\/#\\\/schema\\\/logo\\\/image\\\/\"},\"sameAs\":[\"https:\\\/\\\/m.facebook.com\\\/cbdshop.ee\\\/\",\"https:\\\/\\\/www.instagram.com\\\/cbdshop.ee\\\/\"]}]}<\/script>\n<!-- \/ Yoast SEO plugin. -->","yoast_head_json":{"title":"Prof Color Clap Windproof Blue Flame Lighters - CBDshop.lt","description":"Prof Color Clap Windproof Blue Flame Lighters \u2013 U\u017esisakykite kokybi\u0161k\u0105 CBD produkt\u0105 u\u017e geriausi\u0105 kain\u0105. Nemokamas pristatymas Lietuvoje, diskreti\u0161ka pakuot\u0117. Patogiai pirkite CBDshop el. parduotuv\u0117je - greitai ir saugiai!","robots":{"index":"index","follow":"follow","max-snippet":"max-snippet:-1","max-image-preview":"max-image-preview:large","max-video-preview":"max-video-preview:-1"},"canonical":"https:\/\/cbdshop.lt\/en\/toode\/prof-color-clap-windproof-blue-flame-lighters\/","og_locale":"en_US","og_type":"article","og_title":"Prof Color Clap Windproof Blue Flame Lighters - CBDshop.lt","og_description":"Prof Color Clap Windproof Blue Flame Lighters \u2013 U\u017esisakykite kokybi\u0161k\u0105 CBD produkt\u0105 u\u017e geriausi\u0105 kain\u0105. Nemokamas pristatymas Lietuvoje, diskreti\u0161ka pakuot\u0117. Patogiai pirkite CBDshop el. parduotuv\u0117je - greitai ir saugiai!","og_url":"https:\/\/cbdshop.lt\/en\/toode\/prof-color-clap-windproof-blue-flame-lighters\/","og_site_name":"CBDshop.lt","article_publisher":"https:\/\/m.facebook.com\/cbdshop.ee\/","article_modified_time":"2024-11-08T14:53:00+00:00","og_image":[{"width":1000,"height":1000,"url":"https:\/\/cbdshop.lt\/wp-content\/uploads\/2024\/10\/wholesale-prof-color-clap-5.jpg","type":"image\/jpeg"}],"twitter_card":"summary_large_image","schema":{"@context":"https:\/\/schema.org","@graph":[{"@type":"WebPage","@id":"https:\/\/cbdshop.lt\/en\/toode\/prof-color-clap-windproof-blue-flame-lighters\/","url":"https:\/\/cbdshop.lt\/en\/toode\/prof-color-clap-windproof-blue-flame-lighters\/","name":"Prof Color Clap Windproof Blue Flame Lighters - CBDshop.lt","isPartOf":{"@id":"https:\/\/cbdshop.lt\/#website"},"primaryImageOfPage":{"@id":"https:\/\/cbdshop.lt\/en\/toode\/prof-color-clap-windproof-blue-flame-lighters\/#primaryimage"},"image":{"@id":"https:\/\/cbdshop.lt\/en\/toode\/prof-color-clap-windproof-blue-flame-lighters\/#primaryimage"},"thumbnailUrl":"https:\/\/cbdshop.lt\/wp-content\/uploads\/2024\/10\/wholesale-prof-color-clap-5.jpg","datePublished":"2024-10-02T14:50:05+00:00","dateModified":"2024-11-08T14:53:00+00:00","description":"Prof Color Clap Windproof Blue Flame Lighters \u2013 U\u017esisakykite kokybi\u0161k\u0105 CBD produkt\u0105 u\u017e geriausi\u0105 kain\u0105. Nemokamas pristatymas Lietuvoje, diskreti\u0161ka pakuot\u0117. Patogiai pirkite CBDshop el. parduotuv\u0117je - greitai ir saugiai!","breadcrumb":{"@id":"https:\/\/cbdshop.lt\/en\/toode\/prof-color-clap-windproof-blue-flame-lighters\/#breadcrumb"},"inLanguage":"en-US","potentialAction":[{"@type":"ReadAction","target":["https:\/\/cbdshop.lt\/en\/toode\/prof-color-clap-windproof-blue-flame-lighters\/"]}]},{"@type":"ImageObject","inLanguage":"en-US","@id":"https:\/\/cbdshop.lt\/en\/toode\/prof-color-clap-windproof-blue-flame-lighters\/#primaryimage","url":"https:\/\/cbdshop.lt\/wp-content\/uploads\/2024\/10\/wholesale-prof-color-clap-5.jpg","contentUrl":"https:\/\/cbdshop.lt\/wp-content\/uploads\/2024\/10\/wholesale-prof-color-clap-5.jpg","width":1000,"height":1000},{"@type":"BreadcrumbList","@id":"https:\/\/cbdshop.lt\/en\/toode\/prof-color-clap-windproof-blue-flame-lighters\/#breadcrumb","itemListElement":[{"@type":"ListItem","position":1,"name":"Home","item":"https:\/\/cbdshop.lt\/en\/"},{"@type":"ListItem","position":2,"name":"Products","item":"https:\/\/cbdshop.lt\/en\/tooted\/"},{"@type":"ListItem","position":3,"name":"Prof Color Clap Windproof Blue Flame Lighters"}]},{"@type":"WebSite","@id":"https:\/\/cbdshop.lt\/#website","url":"https:\/\/cbdshop.lt\/","name":"CBDshop.lt","description":"\u00d5itsed, \u00f5ietolm, CBD \u00f5li, CBD kanep, e-vedelikud","publisher":{"@id":"https:\/\/cbdshop.lt\/#organization"},"potentialAction":[{"@type":"SearchAction","target":{"@type":"EntryPoint","urlTemplate":"https:\/\/cbdshop.lt\/?s={search_term_string}"},"query-input":{"@type":"PropertyValueSpecification","valueRequired":true,"valueName":"search_term_string"}}],"inLanguage":"en-US"},{"@type":"Organization","@id":"https:\/\/cbdshop.lt\/#organization","name":"Nordic Synergy O\u00dc","url":"https:\/\/cbdshop.lt\/","logo":{"@type":"ImageObject","inLanguage":"en-US","@id":"https:\/\/cbdshop.lt\/#\/schema\/logo\/image\/","url":"","contentUrl":"","caption":"Nordic Synergy O\u00dc"},"image":{"@id":"https:\/\/cbdshop.lt\/#\/schema\/logo\/image\/"},"sameAs":["https:\/\/m.facebook.com\/cbdshop.ee\/","https:\/\/www.instagram.com\/cbdshop.ee\/"]}]}},"_links":{"self":[{"href":"https:\/\/cbdshop.lt\/en\/wp-json\/wp\/v2\/product\/36433","targetHints":{"allow":["GET"]}}],"collection":[{"href":"https:\/\/cbdshop.lt\/en\/wp-json\/wp\/v2\/product"}],"about":[{"href":"https:\/\/cbdshop.lt\/en\/wp-json\/wp\/v2\/types\/product"}],"replies":[{"embeddable":true,"href":"https:\/\/cbdshop.lt\/en\/wp-json\/wp\/v2\/comments?post=36433"}],"wp:featuredmedia":[{"embeddable":true,"href":"https:\/\/cbdshop.lt\/en\/wp-json\/wp\/v2\/media\/36434"}],"wp:attachment":[{"href":"https:\/\/cbdshop.lt\/en\/wp-json\/wp\/v2\/media?parent=36433"}],"wp:term":[{"taxonomy":"product_brand","embeddable":true,"href":"https:\/\/cbdshop.lt\/en\/wp-json\/wp\/v2\/product_brand?post=36433"},{"taxonomy":"product_cat","embeddable":true,"href":"https:\/\/cbdshop.lt\/en\/wp-json\/wp\/v2\/product_cat?post=36433"},{"taxonomy":"product_tag","embeddable":true,"href":"https:\/\/cbdshop.lt\/en\/wp-json\/wp\/v2\/product_tag?post=36433"}],"curies":[{"name":"wp","href":"https:\/\/api.w.org\/{rel}","templated":true}]}}