{"id":41738,"date":"2021-12-19T16:30:42","date_gmt":"2026-04-11T18:10:35","guid":{"rendered":"https:\/\/cbdshop.lt\/toode\/cannaline-hemp-tea-immune-system\/"},"modified":"2026-04-11T21:23:28","modified_gmt":"2026-04-11T18:23:28","slug":"cannaline-hemp-tea-immune-system","status":"publish","type":"product","link":"https:\/\/cbdshop.lt\/en\/toode\/cannaline-hemp-tea-immune-system\/","title":{"rendered":"cannaline Hemp Tea IMMUNE SYSTEM"},"content":{"rendered":"<p>Net weight: 30 g<br \/>\nIngredients: Echinacea 20%, ginkgo biloba 20%, nettles 15%, peppermint 15%, hemp seeds 10%, rose hips 10%, sea buckthorn 9%, hemp leaf 1%. Vegan, no artificial colours, no artificial flavours.<br \/>\nStorage: Keep in a dry place at temperatures up to 25 \u00b0C.<\/p>\n","protected":false},"excerpt":{"rendered":"<h3>Strengthens the immune system | Stabilises blood pressure | Fights flu and colds<\/h3>\n<p>Echinacea, nettles, rose hips and peppermint support your body&#8217;s natural defences and contribute to normal respiratory tract function. Ginkgo biloba supports vascular microcirculation, normal brain activity and mental balance. Sea buckthorn boosts the immune system and provides energy. Hemp has a relaxing effect.<\/p>\n<h3>Instructions:<\/h3>\n<p>Place the tea bag in your favourite cup (approx. 250 ml)<br \/>\nPour boiling water (100 \u00b0C) over the tea bag.<br \/>\nSteep for 15 minutes. Don&#8217;t rush \u2013 extract all the herbal benefits.<br \/>\nRemove the tea bag, relax and enjoy!<\/p>\n<p><strong>Best time to drink hemp tea<\/strong><\/p>\n<p>Cannaline Hemp Tea IMMUNE SYSTEM can be enjoyed in the morning, during the day, and before bedtime.<\/p>\n","protected":false},"featured_media":28003,"comment_status":"open","ping_status":"closed","template":"","meta":[],"product_brand":[],"product_cat":[488],"product_tag":[],"class_list":{"0":"post-41738","1":"product","2":"type-product","3":"status-publish","4":"has-post-thumbnail","6":"product_cat-cbd-food","8":"first","9":"outofstock","10":"taxable","11":"shipping-taxable","12":"purchasable","13":"product-type-simple"},"yoast_head":"<!-- This site is optimized with the Yoast SEO plugin v27.3 - https:\/\/yoast.com\/product\/yoast-seo-wordpress\/ -->\n<title>cannaline Hemp Tea IMMUNE SYSTEM - CBDshop.lt<\/title>\n<meta name=\"description\" content=\"cannaline Hemp Tea IMMUNE SYSTEM \u2013 U\u017esisakykite kokybi\u0161k\u0105 CBD produkt\u0105 u\u017e geriausi\u0105 kain\u0105. Nemokamas pristatymas Lietuvoje, diskreti\u0161ka pakuot\u0117. Patogiai pirkite CBDshop el. parduotuv\u0117je - greitai ir saugiai!\" \/>\n<meta name=\"robots\" content=\"index, follow, max-snippet:-1, max-image-preview:large, max-video-preview:-1\" \/>\n<link rel=\"canonical\" href=\"https:\/\/cbdshop.lt\/en\/toode\/cannaline-hemp-tea-immune-system\/\" \/>\n<meta property=\"og:locale\" content=\"en_US\" \/>\n<meta property=\"og:type\" content=\"article\" \/>\n<meta property=\"og:title\" content=\"cannaline Hemp Tea IMMUNE SYSTEM - CBDshop.lt\" \/>\n<meta property=\"og:description\" content=\"cannaline Hemp Tea IMMUNE SYSTEM \u2013 U\u017esisakykite kokybi\u0161k\u0105 CBD produkt\u0105 u\u017e geriausi\u0105 kain\u0105. Nemokamas pristatymas Lietuvoje, diskreti\u0161ka pakuot\u0117. Patogiai pirkite CBDshop el. parduotuv\u0117je - greitai ir saugiai!\" \/>\n<meta property=\"og:url\" content=\"https:\/\/cbdshop.lt\/en\/toode\/cannaline-hemp-tea-immune-system\/\" \/>\n<meta property=\"og:site_name\" content=\"CBDshop.lt\" \/>\n<meta property=\"article:publisher\" content=\"https:\/\/m.facebook.com\/cbdshop.ee\/\" \/>\n<meta property=\"article:modified_time\" content=\"2026-04-11T18:23:28+00:00\" \/>\n<meta property=\"og:image\" content=\"https:\/\/cbdshop.lt\/wp-content\/uploads\/2021\/12\/A7927B2E-E851-4CB4-8101-EBB176A3AE02.jpeg\" \/>\n\t<meta property=\"og:image:width\" content=\"1000\" \/>\n\t<meta property=\"og:image:height\" content=\"1100\" \/>\n\t<meta property=\"og:image:type\" content=\"image\/jpeg\" \/>\n<meta name=\"twitter:card\" content=\"summary_large_image\" \/>\n<script type=\"application\/ld+json\" class=\"yoast-schema-graph\">{\"@context\":\"https:\\\/\\\/schema.org\",\"@graph\":[{\"@type\":\"WebPage\",\"@id\":\"https:\\\/\\\/cbdshop.lt\\\/en\\\/toode\\\/cannaline-hemp-tea-immune-system\\\/\",\"url\":\"https:\\\/\\\/cbdshop.lt\\\/en\\\/toode\\\/cannaline-hemp-tea-immune-system\\\/\",\"name\":\"cannaline Hemp Tea IMMUNE SYSTEM - CBDshop.lt\",\"isPartOf\":{\"@id\":\"https:\\\/\\\/cbdshop.lt\\\/#website\"},\"primaryImageOfPage\":{\"@id\":\"https:\\\/\\\/cbdshop.lt\\\/en\\\/toode\\\/cannaline-hemp-tea-immune-system\\\/#primaryimage\"},\"image\":{\"@id\":\"https:\\\/\\\/cbdshop.lt\\\/en\\\/toode\\\/cannaline-hemp-tea-immune-system\\\/#primaryimage\"},\"thumbnailUrl\":\"https:\\\/\\\/cbdshop.lt\\\/wp-content\\\/uploads\\\/2021\\\/12\\\/A7927B2E-E851-4CB4-8101-EBB176A3AE02.jpeg\",\"datePublished\":\"2026-04-11T18:10:35+00:00\",\"dateModified\":\"2026-04-11T18:23:28+00:00\",\"description\":\"cannaline Hemp Tea IMMUNE SYSTEM \u2013 U\u017esisakykite kokybi\u0161k\u0105 CBD produkt\u0105 u\u017e geriausi\u0105 kain\u0105. Nemokamas pristatymas Lietuvoje, diskreti\u0161ka pakuot\u0117. Patogiai pirkite CBDshop el. parduotuv\u0117je - greitai ir saugiai!\",\"breadcrumb\":{\"@id\":\"https:\\\/\\\/cbdshop.lt\\\/en\\\/toode\\\/cannaline-hemp-tea-immune-system\\\/#breadcrumb\"},\"inLanguage\":\"en-US\",\"potentialAction\":[{\"@type\":\"ReadAction\",\"target\":[\"https:\\\/\\\/cbdshop.lt\\\/en\\\/toode\\\/cannaline-hemp-tea-immune-system\\\/\"]}]},{\"@type\":\"ImageObject\",\"inLanguage\":\"en-US\",\"@id\":\"https:\\\/\\\/cbdshop.lt\\\/en\\\/toode\\\/cannaline-hemp-tea-immune-system\\\/#primaryimage\",\"url\":\"https:\\\/\\\/cbdshop.lt\\\/wp-content\\\/uploads\\\/2021\\\/12\\\/A7927B2E-E851-4CB4-8101-EBB176A3AE02.jpeg\",\"contentUrl\":\"https:\\\/\\\/cbdshop.lt\\\/wp-content\\\/uploads\\\/2021\\\/12\\\/A7927B2E-E851-4CB4-8101-EBB176A3AE02.jpeg\",\"width\":1000,\"height\":1100},{\"@type\":\"BreadcrumbList\",\"@id\":\"https:\\\/\\\/cbdshop.lt\\\/en\\\/toode\\\/cannaline-hemp-tea-immune-system\\\/#breadcrumb\",\"itemListElement\":[{\"@type\":\"ListItem\",\"position\":1,\"name\":\"Home\",\"item\":\"https:\\\/\\\/cbdshop.lt\\\/en\\\/\"},{\"@type\":\"ListItem\",\"position\":2,\"name\":\"Products\",\"item\":\"https:\\\/\\\/cbdshop.lt\\\/en\\\/tooted\\\/\"},{\"@type\":\"ListItem\",\"position\":3,\"name\":\"cannaline Hemp Tea IMMUNE SYSTEM\"}]},{\"@type\":\"WebSite\",\"@id\":\"https:\\\/\\\/cbdshop.lt\\\/#website\",\"url\":\"https:\\\/\\\/cbdshop.lt\\\/\",\"name\":\"CBDshop.lt\",\"description\":\"\u00d5itsed, \u00f5ietolm, CBD \u00f5li, CBD kanep, e-vedelikud\",\"publisher\":{\"@id\":\"https:\\\/\\\/cbdshop.lt\\\/#organization\"},\"potentialAction\":[{\"@type\":\"SearchAction\",\"target\":{\"@type\":\"EntryPoint\",\"urlTemplate\":\"https:\\\/\\\/cbdshop.lt\\\/?s={search_term_string}\"},\"query-input\":{\"@type\":\"PropertyValueSpecification\",\"valueRequired\":true,\"valueName\":\"search_term_string\"}}],\"inLanguage\":\"en-US\"},{\"@type\":\"Organization\",\"@id\":\"https:\\\/\\\/cbdshop.lt\\\/#organization\",\"name\":\"Nordic Synergy O\u00dc\",\"url\":\"https:\\\/\\\/cbdshop.lt\\\/\",\"logo\":{\"@type\":\"ImageObject\",\"inLanguage\":\"en-US\",\"@id\":\"https:\\\/\\\/cbdshop.lt\\\/#\\\/schema\\\/logo\\\/image\\\/\",\"url\":\"\",\"contentUrl\":\"\",\"caption\":\"Nordic Synergy O\u00dc\"},\"image\":{\"@id\":\"https:\\\/\\\/cbdshop.lt\\\/#\\\/schema\\\/logo\\\/image\\\/\"},\"sameAs\":[\"https:\\\/\\\/m.facebook.com\\\/cbdshop.ee\\\/\",\"https:\\\/\\\/www.instagram.com\\\/cbdshop.ee\\\/\"]}]}<\/script>\n<!-- \/ Yoast SEO plugin. -->","yoast_head_json":{"title":"cannaline Hemp Tea IMMUNE SYSTEM - CBDshop.lt","description":"cannaline Hemp Tea IMMUNE SYSTEM \u2013 U\u017esisakykite kokybi\u0161k\u0105 CBD produkt\u0105 u\u017e geriausi\u0105 kain\u0105. Nemokamas pristatymas Lietuvoje, diskreti\u0161ka pakuot\u0117. Patogiai pirkite CBDshop el. parduotuv\u0117je - greitai ir saugiai!","robots":{"index":"index","follow":"follow","max-snippet":"max-snippet:-1","max-image-preview":"max-image-preview:large","max-video-preview":"max-video-preview:-1"},"canonical":"https:\/\/cbdshop.lt\/en\/toode\/cannaline-hemp-tea-immune-system\/","og_locale":"en_US","og_type":"article","og_title":"cannaline Hemp Tea IMMUNE SYSTEM - CBDshop.lt","og_description":"cannaline Hemp Tea IMMUNE SYSTEM \u2013 U\u017esisakykite kokybi\u0161k\u0105 CBD produkt\u0105 u\u017e geriausi\u0105 kain\u0105. Nemokamas pristatymas Lietuvoje, diskreti\u0161ka pakuot\u0117. Patogiai pirkite CBDshop el. parduotuv\u0117je - greitai ir saugiai!","og_url":"https:\/\/cbdshop.lt\/en\/toode\/cannaline-hemp-tea-immune-system\/","og_site_name":"CBDshop.lt","article_publisher":"https:\/\/m.facebook.com\/cbdshop.ee\/","article_modified_time":"2026-04-11T18:23:28+00:00","og_image":[{"width":1000,"height":1100,"url":"https:\/\/cbdshop.lt\/wp-content\/uploads\/2021\/12\/A7927B2E-E851-4CB4-8101-EBB176A3AE02.jpeg","type":"image\/jpeg"}],"twitter_card":"summary_large_image","schema":{"@context":"https:\/\/schema.org","@graph":[{"@type":"WebPage","@id":"https:\/\/cbdshop.lt\/en\/toode\/cannaline-hemp-tea-immune-system\/","url":"https:\/\/cbdshop.lt\/en\/toode\/cannaline-hemp-tea-immune-system\/","name":"cannaline Hemp Tea IMMUNE SYSTEM - CBDshop.lt","isPartOf":{"@id":"https:\/\/cbdshop.lt\/#website"},"primaryImageOfPage":{"@id":"https:\/\/cbdshop.lt\/en\/toode\/cannaline-hemp-tea-immune-system\/#primaryimage"},"image":{"@id":"https:\/\/cbdshop.lt\/en\/toode\/cannaline-hemp-tea-immune-system\/#primaryimage"},"thumbnailUrl":"https:\/\/cbdshop.lt\/wp-content\/uploads\/2021\/12\/A7927B2E-E851-4CB4-8101-EBB176A3AE02.jpeg","datePublished":"2026-04-11T18:10:35+00:00","dateModified":"2026-04-11T18:23:28+00:00","description":"cannaline Hemp Tea IMMUNE SYSTEM \u2013 U\u017esisakykite kokybi\u0161k\u0105 CBD produkt\u0105 u\u017e geriausi\u0105 kain\u0105. Nemokamas pristatymas Lietuvoje, diskreti\u0161ka pakuot\u0117. Patogiai pirkite CBDshop el. parduotuv\u0117je - greitai ir saugiai!","breadcrumb":{"@id":"https:\/\/cbdshop.lt\/en\/toode\/cannaline-hemp-tea-immune-system\/#breadcrumb"},"inLanguage":"en-US","potentialAction":[{"@type":"ReadAction","target":["https:\/\/cbdshop.lt\/en\/toode\/cannaline-hemp-tea-immune-system\/"]}]},{"@type":"ImageObject","inLanguage":"en-US","@id":"https:\/\/cbdshop.lt\/en\/toode\/cannaline-hemp-tea-immune-system\/#primaryimage","url":"https:\/\/cbdshop.lt\/wp-content\/uploads\/2021\/12\/A7927B2E-E851-4CB4-8101-EBB176A3AE02.jpeg","contentUrl":"https:\/\/cbdshop.lt\/wp-content\/uploads\/2021\/12\/A7927B2E-E851-4CB4-8101-EBB176A3AE02.jpeg","width":1000,"height":1100},{"@type":"BreadcrumbList","@id":"https:\/\/cbdshop.lt\/en\/toode\/cannaline-hemp-tea-immune-system\/#breadcrumb","itemListElement":[{"@type":"ListItem","position":1,"name":"Home","item":"https:\/\/cbdshop.lt\/en\/"},{"@type":"ListItem","position":2,"name":"Products","item":"https:\/\/cbdshop.lt\/en\/tooted\/"},{"@type":"ListItem","position":3,"name":"cannaline Hemp Tea IMMUNE SYSTEM"}]},{"@type":"WebSite","@id":"https:\/\/cbdshop.lt\/#website","url":"https:\/\/cbdshop.lt\/","name":"CBDshop.lt","description":"\u00d5itsed, \u00f5ietolm, CBD \u00f5li, CBD kanep, e-vedelikud","publisher":{"@id":"https:\/\/cbdshop.lt\/#organization"},"potentialAction":[{"@type":"SearchAction","target":{"@type":"EntryPoint","urlTemplate":"https:\/\/cbdshop.lt\/?s={search_term_string}"},"query-input":{"@type":"PropertyValueSpecification","valueRequired":true,"valueName":"search_term_string"}}],"inLanguage":"en-US"},{"@type":"Organization","@id":"https:\/\/cbdshop.lt\/#organization","name":"Nordic Synergy O\u00dc","url":"https:\/\/cbdshop.lt\/","logo":{"@type":"ImageObject","inLanguage":"en-US","@id":"https:\/\/cbdshop.lt\/#\/schema\/logo\/image\/","url":"","contentUrl":"","caption":"Nordic Synergy O\u00dc"},"image":{"@id":"https:\/\/cbdshop.lt\/#\/schema\/logo\/image\/"},"sameAs":["https:\/\/m.facebook.com\/cbdshop.ee\/","https:\/\/www.instagram.com\/cbdshop.ee\/"]}]}},"_links":{"self":[{"href":"https:\/\/cbdshop.lt\/en\/wp-json\/wp\/v2\/product\/41738","targetHints":{"allow":["GET"]}}],"collection":[{"href":"https:\/\/cbdshop.lt\/en\/wp-json\/wp\/v2\/product"}],"about":[{"href":"https:\/\/cbdshop.lt\/en\/wp-json\/wp\/v2\/types\/product"}],"replies":[{"embeddable":true,"href":"https:\/\/cbdshop.lt\/en\/wp-json\/wp\/v2\/comments?post=41738"}],"wp:featuredmedia":[{"embeddable":true,"href":"https:\/\/cbdshop.lt\/en\/wp-json\/wp\/v2\/media\/28003"}],"wp:attachment":[{"href":"https:\/\/cbdshop.lt\/en\/wp-json\/wp\/v2\/media?parent=41738"}],"wp:term":[{"taxonomy":"product_brand","embeddable":true,"href":"https:\/\/cbdshop.lt\/en\/wp-json\/wp\/v2\/product_brand?post=41738"},{"taxonomy":"product_cat","embeddable":true,"href":"https:\/\/cbdshop.lt\/en\/wp-json\/wp\/v2\/product_cat?post=41738"},{"taxonomy":"product_tag","embeddable":true,"href":"https:\/\/cbdshop.lt\/en\/wp-json\/wp\/v2\/product_tag?post=41738"}],"curies":[{"name":"wp","href":"https:\/\/api.w.org\/{rel}","templated":true}]}}