{"id":41740,"date":"2022-03-17T17:46:40","date_gmt":"2026-04-11T18:10:35","guid":{"rendered":"https:\/\/cbdshop.lt\/toode\/cannaline-cbd-day-cream-2\/"},"modified":"2026-04-11T21:23:29","modified_gmt":"2026-04-11T18:23:29","slug":"cannaline-cbd-day-cream-2","status":"publish","type":"product","link":"https:\/\/cbdshop.lt\/en\/toode\/cannaline-cbd-day-cream-2\/","title":{"rendered":"cannaline CBD day cream"},"content":{"rendered":"<p><strong>Net weight:<\/strong> 50 ml<br \/>\n<strong>Ingredients:<\/strong> Aqua, Squalane, Prunus Amygdalus Dulcis Oil, Glycerin, Panthenol, Olea Europaea Fruit Oil, Glyceryl Stearate, Polyacrylamide, Oleyl Erucate, Tocopheryl Acetate, C13-14 Isoparaffin, Cannabis sativa Seed Oil, Cetyl Alcohol, Phenoxyethanol, Polysorbate 80, PEG-40 Stearate, Laureth-7, Cannabidiol, Ethylhexylglycerin, Aloe Barbadensis Leaf Juice, Ubiquinone, Camellia Sinensis Leaf Extract, Linaria Vulgaris Extract, Equisetum Arvense Extract, Arctium Lappa Root Extract, Salvia Officinalis Extract, Amorolphallus Konjac Root Extract, Carbomer, Sodium Hydroxyde, Parfum, alpha-Isomethyl Ionone, Butylphenyl Methylpropional, Hexyl Cinnamal, Limonene, Linallool.<\/p>\n","protected":false},"excerpt":{"rendered":"<p>Regenerates | Hydrates | Refreshes skin<\/p>\n<p>A day cream with Coenzyme Q10, CBD and hemp oil \u2014 an original lightweight face and d\u00e9collet\u00e9 cream that contains numerous other complementary biologically active substances (aloe vera, vitamin E, panthenol, green tea extracts, linseed, horsetail, burdock, sage, etc.), with regenerating, moisturising and refreshing properties.<\/p>\n","protected":false},"featured_media":27587,"comment_status":"open","ping_status":"closed","template":"","meta":[],"product_brand":[],"product_cat":[494],"product_tag":[],"class_list":{"0":"post-41740","1":"product","2":"type-product","3":"status-publish","4":"has-post-thumbnail","6":"product_cat-cosmetics","8":"first","9":"instock","10":"taxable","11":"shipping-taxable","12":"purchasable","13":"product-type-simple"},"yoast_head":"<!-- This site is optimized with the Yoast SEO plugin v27.3 - https:\/\/yoast.com\/product\/yoast-seo-wordpress\/ -->\n<title>cannaline CBD day cream - CBDshop.lt<\/title>\n<meta name=\"description\" content=\"cannaline CBD day cream \u2013 U\u017esisakykite kokybi\u0161k\u0105 CBD produkt\u0105 u\u017e geriausi\u0105 kain\u0105. Nemokamas pristatymas Lietuvoje, diskreti\u0161ka pakuot\u0117. Patogiai pirkite CBDshop el. parduotuv\u0117je - greitai ir saugiai!\" \/>\n<meta name=\"robots\" content=\"index, follow, max-snippet:-1, max-image-preview:large, max-video-preview:-1\" \/>\n<link rel=\"canonical\" href=\"https:\/\/cbdshop.lt\/en\/toode\/cannaline-cbd-day-cream-2\/\" \/>\n<meta property=\"og:locale\" content=\"en_US\" \/>\n<meta property=\"og:type\" content=\"article\" \/>\n<meta property=\"og:title\" content=\"cannaline CBD day cream - CBDshop.lt\" \/>\n<meta property=\"og:description\" content=\"cannaline CBD day cream \u2013 U\u017esisakykite kokybi\u0161k\u0105 CBD produkt\u0105 u\u017e geriausi\u0105 kain\u0105. Nemokamas pristatymas Lietuvoje, diskreti\u0161ka pakuot\u0117. Patogiai pirkite CBDshop el. parduotuv\u0117je - greitai ir saugiai!\" \/>\n<meta property=\"og:url\" content=\"https:\/\/cbdshop.lt\/en\/toode\/cannaline-cbd-day-cream-2\/\" \/>\n<meta property=\"og:site_name\" content=\"CBDshop.lt\" \/>\n<meta property=\"article:publisher\" content=\"https:\/\/m.facebook.com\/cbdshop.ee\/\" \/>\n<meta property=\"article:modified_time\" content=\"2026-04-11T18:23:29+00:00\" \/>\n<meta property=\"og:image\" content=\"https:\/\/cbdshop.lt\/wp-content\/uploads\/2022\/03\/8gb-CBD-Day-cream-01.jpg\" \/>\n\t<meta property=\"og:image:width\" content=\"2000\" \/>\n\t<meta property=\"og:image:height\" content=\"2000\" \/>\n\t<meta property=\"og:image:type\" content=\"image\/jpeg\" \/>\n<meta name=\"twitter:card\" content=\"summary_large_image\" \/>\n<script type=\"application\/ld+json\" class=\"yoast-schema-graph\">{\"@context\":\"https:\\\/\\\/schema.org\",\"@graph\":[{\"@type\":\"WebPage\",\"@id\":\"https:\\\/\\\/cbdshop.lt\\\/en\\\/toode\\\/cannaline-cbd-day-cream-2\\\/\",\"url\":\"https:\\\/\\\/cbdshop.lt\\\/en\\\/toode\\\/cannaline-cbd-day-cream-2\\\/\",\"name\":\"cannaline CBD day cream - CBDshop.lt\",\"isPartOf\":{\"@id\":\"https:\\\/\\\/cbdshop.lt\\\/#website\"},\"primaryImageOfPage\":{\"@id\":\"https:\\\/\\\/cbdshop.lt\\\/en\\\/toode\\\/cannaline-cbd-day-cream-2\\\/#primaryimage\"},\"image\":{\"@id\":\"https:\\\/\\\/cbdshop.lt\\\/en\\\/toode\\\/cannaline-cbd-day-cream-2\\\/#primaryimage\"},\"thumbnailUrl\":\"https:\\\/\\\/cbdshop.lt\\\/wp-content\\\/uploads\\\/2022\\\/03\\\/8gb-CBD-Day-cream-01.jpg\",\"datePublished\":\"2026-04-11T18:10:35+00:00\",\"dateModified\":\"2026-04-11T18:23:29+00:00\",\"description\":\"cannaline CBD day cream \u2013 U\u017esisakykite kokybi\u0161k\u0105 CBD produkt\u0105 u\u017e geriausi\u0105 kain\u0105. Nemokamas pristatymas Lietuvoje, diskreti\u0161ka pakuot\u0117. Patogiai pirkite CBDshop el. parduotuv\u0117je - greitai ir saugiai!\",\"breadcrumb\":{\"@id\":\"https:\\\/\\\/cbdshop.lt\\\/en\\\/toode\\\/cannaline-cbd-day-cream-2\\\/#breadcrumb\"},\"inLanguage\":\"en-US\",\"potentialAction\":[{\"@type\":\"ReadAction\",\"target\":[\"https:\\\/\\\/cbdshop.lt\\\/en\\\/toode\\\/cannaline-cbd-day-cream-2\\\/\"]}]},{\"@type\":\"ImageObject\",\"inLanguage\":\"en-US\",\"@id\":\"https:\\\/\\\/cbdshop.lt\\\/en\\\/toode\\\/cannaline-cbd-day-cream-2\\\/#primaryimage\",\"url\":\"https:\\\/\\\/cbdshop.lt\\\/wp-content\\\/uploads\\\/2022\\\/03\\\/8gb-CBD-Day-cream-01.jpg\",\"contentUrl\":\"https:\\\/\\\/cbdshop.lt\\\/wp-content\\\/uploads\\\/2022\\\/03\\\/8gb-CBD-Day-cream-01.jpg\",\"width\":2000,\"height\":2000},{\"@type\":\"BreadcrumbList\",\"@id\":\"https:\\\/\\\/cbdshop.lt\\\/en\\\/toode\\\/cannaline-cbd-day-cream-2\\\/#breadcrumb\",\"itemListElement\":[{\"@type\":\"ListItem\",\"position\":1,\"name\":\"Home\",\"item\":\"https:\\\/\\\/cbdshop.lt\\\/en\\\/\"},{\"@type\":\"ListItem\",\"position\":2,\"name\":\"Products\",\"item\":\"https:\\\/\\\/cbdshop.lt\\\/en\\\/tooted\\\/\"},{\"@type\":\"ListItem\",\"position\":3,\"name\":\"cannaline CBD day cream\"}]},{\"@type\":\"WebSite\",\"@id\":\"https:\\\/\\\/cbdshop.lt\\\/#website\",\"url\":\"https:\\\/\\\/cbdshop.lt\\\/\",\"name\":\"CBDshop.lt\",\"description\":\"\u00d5itsed, \u00f5ietolm, CBD \u00f5li, CBD kanep, e-vedelikud\",\"publisher\":{\"@id\":\"https:\\\/\\\/cbdshop.lt\\\/#organization\"},\"potentialAction\":[{\"@type\":\"SearchAction\",\"target\":{\"@type\":\"EntryPoint\",\"urlTemplate\":\"https:\\\/\\\/cbdshop.lt\\\/?s={search_term_string}\"},\"query-input\":{\"@type\":\"PropertyValueSpecification\",\"valueRequired\":true,\"valueName\":\"search_term_string\"}}],\"inLanguage\":\"en-US\"},{\"@type\":\"Organization\",\"@id\":\"https:\\\/\\\/cbdshop.lt\\\/#organization\",\"name\":\"Nordic Synergy O\u00dc\",\"url\":\"https:\\\/\\\/cbdshop.lt\\\/\",\"logo\":{\"@type\":\"ImageObject\",\"inLanguage\":\"en-US\",\"@id\":\"https:\\\/\\\/cbdshop.lt\\\/#\\\/schema\\\/logo\\\/image\\\/\",\"url\":\"\",\"contentUrl\":\"\",\"caption\":\"Nordic Synergy O\u00dc\"},\"image\":{\"@id\":\"https:\\\/\\\/cbdshop.lt\\\/#\\\/schema\\\/logo\\\/image\\\/\"},\"sameAs\":[\"https:\\\/\\\/m.facebook.com\\\/cbdshop.ee\\\/\",\"https:\\\/\\\/www.instagram.com\\\/cbdshop.ee\\\/\"]}]}<\/script>\n<!-- \/ Yoast SEO plugin. -->","yoast_head_json":{"title":"cannaline CBD day cream - CBDshop.lt","description":"cannaline CBD day cream \u2013 U\u017esisakykite kokybi\u0161k\u0105 CBD produkt\u0105 u\u017e geriausi\u0105 kain\u0105. Nemokamas pristatymas Lietuvoje, diskreti\u0161ka pakuot\u0117. Patogiai pirkite CBDshop el. parduotuv\u0117je - greitai ir saugiai!","robots":{"index":"index","follow":"follow","max-snippet":"max-snippet:-1","max-image-preview":"max-image-preview:large","max-video-preview":"max-video-preview:-1"},"canonical":"https:\/\/cbdshop.lt\/en\/toode\/cannaline-cbd-day-cream-2\/","og_locale":"en_US","og_type":"article","og_title":"cannaline CBD day cream - CBDshop.lt","og_description":"cannaline CBD day cream \u2013 U\u017esisakykite kokybi\u0161k\u0105 CBD produkt\u0105 u\u017e geriausi\u0105 kain\u0105. Nemokamas pristatymas Lietuvoje, diskreti\u0161ka pakuot\u0117. Patogiai pirkite CBDshop el. parduotuv\u0117je - greitai ir saugiai!","og_url":"https:\/\/cbdshop.lt\/en\/toode\/cannaline-cbd-day-cream-2\/","og_site_name":"CBDshop.lt","article_publisher":"https:\/\/m.facebook.com\/cbdshop.ee\/","article_modified_time":"2026-04-11T18:23:29+00:00","og_image":[{"width":2000,"height":2000,"url":"https:\/\/cbdshop.lt\/wp-content\/uploads\/2022\/03\/8gb-CBD-Day-cream-01.jpg","type":"image\/jpeg"}],"twitter_card":"summary_large_image","schema":{"@context":"https:\/\/schema.org","@graph":[{"@type":"WebPage","@id":"https:\/\/cbdshop.lt\/en\/toode\/cannaline-cbd-day-cream-2\/","url":"https:\/\/cbdshop.lt\/en\/toode\/cannaline-cbd-day-cream-2\/","name":"cannaline CBD day cream - CBDshop.lt","isPartOf":{"@id":"https:\/\/cbdshop.lt\/#website"},"primaryImageOfPage":{"@id":"https:\/\/cbdshop.lt\/en\/toode\/cannaline-cbd-day-cream-2\/#primaryimage"},"image":{"@id":"https:\/\/cbdshop.lt\/en\/toode\/cannaline-cbd-day-cream-2\/#primaryimage"},"thumbnailUrl":"https:\/\/cbdshop.lt\/wp-content\/uploads\/2022\/03\/8gb-CBD-Day-cream-01.jpg","datePublished":"2026-04-11T18:10:35+00:00","dateModified":"2026-04-11T18:23:29+00:00","description":"cannaline CBD day cream \u2013 U\u017esisakykite kokybi\u0161k\u0105 CBD produkt\u0105 u\u017e geriausi\u0105 kain\u0105. Nemokamas pristatymas Lietuvoje, diskreti\u0161ka pakuot\u0117. Patogiai pirkite CBDshop el. parduotuv\u0117je - greitai ir saugiai!","breadcrumb":{"@id":"https:\/\/cbdshop.lt\/en\/toode\/cannaline-cbd-day-cream-2\/#breadcrumb"},"inLanguage":"en-US","potentialAction":[{"@type":"ReadAction","target":["https:\/\/cbdshop.lt\/en\/toode\/cannaline-cbd-day-cream-2\/"]}]},{"@type":"ImageObject","inLanguage":"en-US","@id":"https:\/\/cbdshop.lt\/en\/toode\/cannaline-cbd-day-cream-2\/#primaryimage","url":"https:\/\/cbdshop.lt\/wp-content\/uploads\/2022\/03\/8gb-CBD-Day-cream-01.jpg","contentUrl":"https:\/\/cbdshop.lt\/wp-content\/uploads\/2022\/03\/8gb-CBD-Day-cream-01.jpg","width":2000,"height":2000},{"@type":"BreadcrumbList","@id":"https:\/\/cbdshop.lt\/en\/toode\/cannaline-cbd-day-cream-2\/#breadcrumb","itemListElement":[{"@type":"ListItem","position":1,"name":"Home","item":"https:\/\/cbdshop.lt\/en\/"},{"@type":"ListItem","position":2,"name":"Products","item":"https:\/\/cbdshop.lt\/en\/tooted\/"},{"@type":"ListItem","position":3,"name":"cannaline CBD day cream"}]},{"@type":"WebSite","@id":"https:\/\/cbdshop.lt\/#website","url":"https:\/\/cbdshop.lt\/","name":"CBDshop.lt","description":"\u00d5itsed, \u00f5ietolm, CBD \u00f5li, CBD kanep, e-vedelikud","publisher":{"@id":"https:\/\/cbdshop.lt\/#organization"},"potentialAction":[{"@type":"SearchAction","target":{"@type":"EntryPoint","urlTemplate":"https:\/\/cbdshop.lt\/?s={search_term_string}"},"query-input":{"@type":"PropertyValueSpecification","valueRequired":true,"valueName":"search_term_string"}}],"inLanguage":"en-US"},{"@type":"Organization","@id":"https:\/\/cbdshop.lt\/#organization","name":"Nordic Synergy O\u00dc","url":"https:\/\/cbdshop.lt\/","logo":{"@type":"ImageObject","inLanguage":"en-US","@id":"https:\/\/cbdshop.lt\/#\/schema\/logo\/image\/","url":"","contentUrl":"","caption":"Nordic Synergy O\u00dc"},"image":{"@id":"https:\/\/cbdshop.lt\/#\/schema\/logo\/image\/"},"sameAs":["https:\/\/m.facebook.com\/cbdshop.ee\/","https:\/\/www.instagram.com\/cbdshop.ee\/"]}]}},"_links":{"self":[{"href":"https:\/\/cbdshop.lt\/en\/wp-json\/wp\/v2\/product\/41740","targetHints":{"allow":["GET"]}}],"collection":[{"href":"https:\/\/cbdshop.lt\/en\/wp-json\/wp\/v2\/product"}],"about":[{"href":"https:\/\/cbdshop.lt\/en\/wp-json\/wp\/v2\/types\/product"}],"replies":[{"embeddable":true,"href":"https:\/\/cbdshop.lt\/en\/wp-json\/wp\/v2\/comments?post=41740"}],"wp:featuredmedia":[{"embeddable":true,"href":"https:\/\/cbdshop.lt\/en\/wp-json\/wp\/v2\/media\/27587"}],"wp:attachment":[{"href":"https:\/\/cbdshop.lt\/en\/wp-json\/wp\/v2\/media?parent=41740"}],"wp:term":[{"taxonomy":"product_brand","embeddable":true,"href":"https:\/\/cbdshop.lt\/en\/wp-json\/wp\/v2\/product_brand?post=41740"},{"taxonomy":"product_cat","embeddable":true,"href":"https:\/\/cbdshop.lt\/en\/wp-json\/wp\/v2\/product_cat?post=41740"},{"taxonomy":"product_tag","embeddable":true,"href":"https:\/\/cbdshop.lt\/en\/wp-json\/wp\/v2\/product_tag?post=41740"}],"curies":[{"name":"wp","href":"https:\/\/api.w.org\/{rel}","templated":true}]}}