{"id":41968,"date":"2019-07-26T15:21:15","date_gmt":"2026-04-11T18:16:56","guid":{"rendered":"https:\/\/cbdshop.lt\/toode\/amnesia\/"},"modified":"2026-04-11T21:23:29","modified_gmt":"2026-04-11T18:23:29","slug":"amnesia","status":"publish","type":"product","link":"https:\/\/cbdshop.lt\/en\/toode\/amnesia\/","title":{"rendered":"Amnesia"},"content":{"rendered":"","protected":false},"excerpt":{"rendered":"<h3 data-start=\"62\" data-end=\"85\"><strong data-start=\"66\" data-end=\"85\">Product description<\/strong><\/h3>\n<p data-start=\"87\" data-end=\"232\">Industrial hemp consisting of dried inflorescences of certified EU varieties of <strong data-start=\"117\" data-end=\"139\">Cannabis sativa L.<\/strong> The product contains no tobacco or nicotine.<\/p>\n<p data-start=\"234\" data-end=\"401\"><strong data-start=\"234\" data-end=\"246\">Composition:<\/strong> 100% <em data-start=\"252\" data-end=\"272\">Cannabis sativa L.<\/em><br data-start=\"272\" data-end=\"275\" \/><strong data-start=\"275\" data-end=\"283\">THC:<\/strong> \u2264 0.3%. Laboratory analysis certificate issued by two laboratories: the Estonian Forensic Science Institute and a Swiss private laboratory.<\/p>\n<h3 data-start=\"403\" data-end=\"421\"><strong data-start=\"407\" data-end=\"421\">Warning<\/strong><\/h3>\n<ul data-start=\"422\" data-end=\"603\">\n<li data-start=\"422\" data-end=\"474\">\n<p data-start=\"424\" data-end=\"474\">This product is not a medicine or a herbal smokable product.<\/p>\n<\/li>\n<li data-start=\"475\" data-end=\"537\">\n<p data-start=\"477\" data-end=\"537\">Does not contain psychoactive THC above the legal limit.<\/p>\n<\/li>\n<li data-start=\"538\" data-end=\"572\">\n<p data-start=\"540\" data-end=\"572\">Not intended for smoking.<\/p>\n<\/li>\n<li data-start=\"573\" data-end=\"603\">\n<p data-start=\"575\" data-end=\"603\">For adults only (18+).<\/p>\n<\/li>\n<\/ul>\n<h3 data-start=\"605\" data-end=\"626\"><strong data-start=\"609\" data-end=\"626\">Method of use<\/strong><\/h3>\n<p data-start=\"627\" data-end=\"762\">Industrial hemp (<em data-start=\"649\" data-end=\"669\">Cannabis sativa L.<\/em>) is used as an agricultural crop for the production of fibres, seeds, oil and other products.<\/p>\n","protected":false},"featured_media":33887,"comment_status":"open","ping_status":"closed","template":"","meta":[],"product_brand":[],"product_cat":[452],"product_tag":[],"class_list":{"0":"post-41968","1":"product","2":"type-product","3":"status-publish","4":"has-post-thumbnail","6":"product_cat-cbd-hhc-flowers-and-hash","8":"first","9":"outofstock","10":"taxable","11":"shipping-taxable","12":"purchasable","13":"product-type-variable","14":"rtwpvs-product"},"yoast_head":"<!-- This site is optimized with the Yoast SEO plugin v27.3 - https:\/\/yoast.com\/product\/yoast-seo-wordpress\/ -->\n<title>Amnesia - CBD Hemp - CBDshop.lt<\/title>\n<meta name=\"description\" content=\"CBD Hemp &quot;Amnesia&quot;, at the best price! Quality CBD hemp products \u2714 Free delivery across Estonia! \u27a4 Buy from CBDshop online store!\" \/>\n<meta name=\"robots\" content=\"index, follow, max-snippet:-1, max-image-preview:large, max-video-preview:-1\" \/>\n<link rel=\"canonical\" href=\"https:\/\/cbdshop.lt\/toode\/amnesia\/\" \/>\n<meta property=\"og:locale\" content=\"en_US\" \/>\n<meta property=\"og:type\" content=\"article\" \/>\n<meta property=\"og:title\" content=\"Amnesia - CBD Hemp - CBDshop.lt\" \/>\n<meta property=\"og:description\" content=\"CBD Hemp &quot;Amnesia&quot;, at the best price! Quality CBD hemp products \u2714 Free delivery across Estonia! \u27a4 Buy from CBDshop online store!\" \/>\n<meta property=\"og:url\" content=\"https:\/\/cbdshop.lt\/toode\/amnesia\/\" \/>\n<meta property=\"og:site_name\" content=\"CBDshop.lt\" \/>\n<meta property=\"article:publisher\" content=\"https:\/\/m.facebook.com\/cbdshop.ee\/\" \/>\n<meta property=\"article:modified_time\" content=\"2026-04-11T18:23:29+00:00\" \/>\n<meta property=\"og:image\" content=\"https:\/\/cbdshop.lt\/wp-content\/uploads\/2019\/07\/IMG_8170-scaled.jpg\" \/>\n\t<meta property=\"og:image:width\" content=\"2560\" \/>\n\t<meta property=\"og:image:height\" content=\"2560\" \/>\n\t<meta property=\"og:image:type\" content=\"image\/jpeg\" \/>\n<meta name=\"twitter:card\" content=\"summary_large_image\" \/>\n<script type=\"application\/ld+json\" class=\"yoast-schema-graph\">{\"@context\":\"https:\\\/\\\/schema.org\",\"@graph\":[{\"@type\":\"WebPage\",\"@id\":\"https:\\\/\\\/cbdshop.lt\\\/toode\\\/amnesia\\\/\",\"url\":\"https:\\\/\\\/cbdshop.lt\\\/toode\\\/amnesia\\\/\",\"name\":\"Amnesia - CBD Hemp - CBDshop.lt\",\"isPartOf\":{\"@id\":\"https:\\\/\\\/cbdshop.lt\\\/#website\"},\"primaryImageOfPage\":{\"@id\":\"https:\\\/\\\/cbdshop.lt\\\/toode\\\/amnesia\\\/#primaryimage\"},\"image\":{\"@id\":\"https:\\\/\\\/cbdshop.lt\\\/toode\\\/amnesia\\\/#primaryimage\"},\"thumbnailUrl\":\"https:\\\/\\\/cbdshop.lt\\\/wp-content\\\/uploads\\\/2019\\\/07\\\/IMG_8170-scaled.jpg\",\"datePublished\":\"2026-04-11T18:16:56+00:00\",\"dateModified\":\"2026-04-11T18:23:29+00:00\",\"description\":\"CBD Hemp \\\"Amnesia\\\", at the best price! Quality CBD hemp products \u2714 Free delivery across Estonia! \u27a4 Buy from CBDshop online store!\",\"breadcrumb\":{\"@id\":\"https:\\\/\\\/cbdshop.lt\\\/toode\\\/amnesia\\\/#breadcrumb\"},\"inLanguage\":\"en-US\",\"potentialAction\":[{\"@type\":\"ReadAction\",\"target\":[\"https:\\\/\\\/cbdshop.lt\\\/toode\\\/amnesia\\\/\"]}]},{\"@type\":\"ImageObject\",\"inLanguage\":\"en-US\",\"@id\":\"https:\\\/\\\/cbdshop.lt\\\/toode\\\/amnesia\\\/#primaryimage\",\"url\":\"https:\\\/\\\/cbdshop.lt\\\/wp-content\\\/uploads\\\/2019\\\/07\\\/IMG_8170-scaled.jpg\",\"contentUrl\":\"https:\\\/\\\/cbdshop.lt\\\/wp-content\\\/uploads\\\/2019\\\/07\\\/IMG_8170-scaled.jpg\",\"width\":2560,\"height\":2560},{\"@type\":\"BreadcrumbList\",\"@id\":\"https:\\\/\\\/cbdshop.lt\\\/toode\\\/amnesia\\\/#breadcrumb\",\"itemListElement\":[{\"@type\":\"ListItem\",\"position\":1,\"name\":\"Home\",\"item\":\"https:\\\/\\\/cbdshop.lt\\\/en\\\/\"},{\"@type\":\"ListItem\",\"position\":2,\"name\":\"Products\",\"item\":\"https:\\\/\\\/cbdshop.lt\\\/en\\\/tooted\\\/\"},{\"@type\":\"ListItem\",\"position\":3,\"name\":\"Amnesia\"}]},{\"@type\":\"WebSite\",\"@id\":\"https:\\\/\\\/cbdshop.lt\\\/#website\",\"url\":\"https:\\\/\\\/cbdshop.lt\\\/\",\"name\":\"CBDshop.lt\",\"description\":\"\u00d5itsed, \u00f5ietolm, CBD \u00f5li, CBD kanep, e-vedelikud\",\"publisher\":{\"@id\":\"https:\\\/\\\/cbdshop.lt\\\/#organization\"},\"potentialAction\":[{\"@type\":\"SearchAction\",\"target\":{\"@type\":\"EntryPoint\",\"urlTemplate\":\"https:\\\/\\\/cbdshop.lt\\\/?s={search_term_string}\"},\"query-input\":{\"@type\":\"PropertyValueSpecification\",\"valueRequired\":true,\"valueName\":\"search_term_string\"}}],\"inLanguage\":\"en-US\"},{\"@type\":\"Organization\",\"@id\":\"https:\\\/\\\/cbdshop.lt\\\/#organization\",\"name\":\"Nordic Synergy O\u00dc\",\"url\":\"https:\\\/\\\/cbdshop.lt\\\/\",\"logo\":{\"@type\":\"ImageObject\",\"inLanguage\":\"en-US\",\"@id\":\"https:\\\/\\\/cbdshop.lt\\\/#\\\/schema\\\/logo\\\/image\\\/\",\"url\":\"\",\"contentUrl\":\"\",\"caption\":\"Nordic Synergy O\u00dc\"},\"image\":{\"@id\":\"https:\\\/\\\/cbdshop.lt\\\/#\\\/schema\\\/logo\\\/image\\\/\"},\"sameAs\":[\"https:\\\/\\\/m.facebook.com\\\/cbdshop.ee\\\/\",\"https:\\\/\\\/www.instagram.com\\\/cbdshop.ee\\\/\"]}]}<\/script>\n<!-- \/ Yoast SEO plugin. -->","yoast_head_json":{"title":"Amnesia - CBD Hemp - CBDshop.lt","description":"CBD Hemp \"Amnesia\", at the best price! Quality CBD hemp products \u2714 Free delivery across Estonia! \u27a4 Buy from CBDshop online store!","robots":{"index":"index","follow":"follow","max-snippet":"max-snippet:-1","max-image-preview":"max-image-preview:large","max-video-preview":"max-video-preview:-1"},"canonical":"https:\/\/cbdshop.lt\/toode\/amnesia\/","og_locale":"en_US","og_type":"article","og_title":"Amnesia - CBD Hemp - CBDshop.lt","og_description":"CBD Hemp \"Amnesia\", at the best price! Quality CBD hemp products \u2714 Free delivery across Estonia! \u27a4 Buy from CBDshop online store!","og_url":"https:\/\/cbdshop.lt\/toode\/amnesia\/","og_site_name":"CBDshop.lt","article_publisher":"https:\/\/m.facebook.com\/cbdshop.ee\/","article_modified_time":"2026-04-11T18:23:29+00:00","og_image":[{"width":2560,"height":2560,"url":"https:\/\/cbdshop.lt\/wp-content\/uploads\/2019\/07\/IMG_8170-scaled.jpg","type":"image\/jpeg"}],"twitter_card":"summary_large_image","schema":{"@context":"https:\/\/schema.org","@graph":[{"@type":"WebPage","@id":"https:\/\/cbdshop.lt\/toode\/amnesia\/","url":"https:\/\/cbdshop.lt\/toode\/amnesia\/","name":"Amnesia - CBD Hemp - CBDshop.lt","isPartOf":{"@id":"https:\/\/cbdshop.lt\/#website"},"primaryImageOfPage":{"@id":"https:\/\/cbdshop.lt\/toode\/amnesia\/#primaryimage"},"image":{"@id":"https:\/\/cbdshop.lt\/toode\/amnesia\/#primaryimage"},"thumbnailUrl":"https:\/\/cbdshop.lt\/wp-content\/uploads\/2019\/07\/IMG_8170-scaled.jpg","datePublished":"2026-04-11T18:16:56+00:00","dateModified":"2026-04-11T18:23:29+00:00","description":"CBD Hemp \"Amnesia\", at the best price! Quality CBD hemp products \u2714 Free delivery across Estonia! \u27a4 Buy from CBDshop online store!","breadcrumb":{"@id":"https:\/\/cbdshop.lt\/toode\/amnesia\/#breadcrumb"},"inLanguage":"en-US","potentialAction":[{"@type":"ReadAction","target":["https:\/\/cbdshop.lt\/toode\/amnesia\/"]}]},{"@type":"ImageObject","inLanguage":"en-US","@id":"https:\/\/cbdshop.lt\/toode\/amnesia\/#primaryimage","url":"https:\/\/cbdshop.lt\/wp-content\/uploads\/2019\/07\/IMG_8170-scaled.jpg","contentUrl":"https:\/\/cbdshop.lt\/wp-content\/uploads\/2019\/07\/IMG_8170-scaled.jpg","width":2560,"height":2560},{"@type":"BreadcrumbList","@id":"https:\/\/cbdshop.lt\/toode\/amnesia\/#breadcrumb","itemListElement":[{"@type":"ListItem","position":1,"name":"Home","item":"https:\/\/cbdshop.lt\/en\/"},{"@type":"ListItem","position":2,"name":"Products","item":"https:\/\/cbdshop.lt\/en\/tooted\/"},{"@type":"ListItem","position":3,"name":"Amnesia"}]},{"@type":"WebSite","@id":"https:\/\/cbdshop.lt\/#website","url":"https:\/\/cbdshop.lt\/","name":"CBDshop.lt","description":"\u00d5itsed, \u00f5ietolm, CBD \u00f5li, CBD kanep, e-vedelikud","publisher":{"@id":"https:\/\/cbdshop.lt\/#organization"},"potentialAction":[{"@type":"SearchAction","target":{"@type":"EntryPoint","urlTemplate":"https:\/\/cbdshop.lt\/?s={search_term_string}"},"query-input":{"@type":"PropertyValueSpecification","valueRequired":true,"valueName":"search_term_string"}}],"inLanguage":"en-US"},{"@type":"Organization","@id":"https:\/\/cbdshop.lt\/#organization","name":"Nordic Synergy O\u00dc","url":"https:\/\/cbdshop.lt\/","logo":{"@type":"ImageObject","inLanguage":"en-US","@id":"https:\/\/cbdshop.lt\/#\/schema\/logo\/image\/","url":"","contentUrl":"","caption":"Nordic Synergy O\u00dc"},"image":{"@id":"https:\/\/cbdshop.lt\/#\/schema\/logo\/image\/"},"sameAs":["https:\/\/m.facebook.com\/cbdshop.ee\/","https:\/\/www.instagram.com\/cbdshop.ee\/"]}]}},"_links":{"self":[{"href":"https:\/\/cbdshop.lt\/en\/wp-json\/wp\/v2\/product\/41968","targetHints":{"allow":["GET"]}}],"collection":[{"href":"https:\/\/cbdshop.lt\/en\/wp-json\/wp\/v2\/product"}],"about":[{"href":"https:\/\/cbdshop.lt\/en\/wp-json\/wp\/v2\/types\/product"}],"replies":[{"embeddable":true,"href":"https:\/\/cbdshop.lt\/en\/wp-json\/wp\/v2\/comments?post=41968"}],"wp:featuredmedia":[{"embeddable":true,"href":"https:\/\/cbdshop.lt\/en\/wp-json\/wp\/v2\/media\/33887"}],"wp:attachment":[{"href":"https:\/\/cbdshop.lt\/en\/wp-json\/wp\/v2\/media?parent=41968"}],"wp:term":[{"taxonomy":"product_brand","embeddable":true,"href":"https:\/\/cbdshop.lt\/en\/wp-json\/wp\/v2\/product_brand?post=41968"},{"taxonomy":"product_cat","embeddable":true,"href":"https:\/\/cbdshop.lt\/en\/wp-json\/wp\/v2\/product_cat?post=41968"},{"taxonomy":"product_tag","embeddable":true,"href":"https:\/\/cbdshop.lt\/en\/wp-json\/wp\/v2\/product_tag?post=41968"}],"curies":[{"name":"wp","href":"https:\/\/api.w.org\/{rel}","templated":true}]}}