{"id":42220,"date":"2023-08-24T19:32:04","date_gmt":"2026-04-11T18:23:30","guid":{"rendered":"https:\/\/cbdshop.lt\/toode\/cbd-oil-40-hemp-2\/"},"modified":"2026-04-11T21:23:30","modified_gmt":"2026-04-11T18:23:30","slug":"cbd-oil-40-hemp-2","status":"publish","type":"product","link":"https:\/\/cbdshop.lt\/en\/toode\/cbd-oil-40-hemp-2\/","title":{"rendered":"CBD oil 40% Hemp"},"content":{"rendered":"<p>Cbdshop.ee does not provide information for administration or use! Cbdshop.ee does not sell this product as a food supplement! At a time when widespread confusion and misinformation prevails, Cbdshop.ee believes that CBD oil should be freely available for research purposes, since CBD oil is not: environmentally polluting, life-threatening, psychotropic, corrosive, flammable, or toxic. CBD oil is also not a prohibited product for sale but may not be sold as a food supplement. It is an industrial hemp (Cannabis Sativa L.) product.<\/p>\n","protected":false},"excerpt":{"rendered":"<p>CBD oil: 40%<\/p>\n<p>10 ml (4000 mg CBD)<\/p>\n<p>THC &lt;0.2%<\/p>\n<p>CBD content: 3000 mg of pure CBD (cannabidiol) per bottle. 250 drops per bottle. 16 mg CBD per drop.<\/p>\n<ul>\n<li>Organic<\/li>\n<li>Vegan<\/li>\n<li>NO GMO<\/li>\n<li>100% BIO<\/li>\n<\/ul>\n<p>Storage: Keep in a dry and cool place.<\/p>\n<ul>\n<li>Raw material \/ Cosmetics<\/li>\n<\/ul>\n<p>Not for persons under 18.<\/p>\n","protected":false},"featured_media":33542,"comment_status":"open","ping_status":"closed","template":"","meta":[],"product_brand":[],"product_cat":[448],"product_tag":[],"class_list":{"0":"post-42220","1":"product","2":"type-product","3":"status-publish","4":"has-post-thumbnail","6":"product_cat-cbd-oil","8":"first","9":"outofstock","10":"taxable","11":"shipping-taxable","12":"purchasable","13":"product-type-simple"},"yoast_head":"<!-- This site is optimized with the Yoast SEO plugin v27.3 - https:\/\/yoast.com\/product\/yoast-seo-wordpress\/ -->\n<title>CBD oil 40% Hemp - CBDshop.lt<\/title>\n<meta name=\"description\" content=\"CBD oil 40% Hemp \u2013 U\u017esisakykite kokybi\u0161k\u0105 CBD produkt\u0105 u\u017e geriausi\u0105 kain\u0105. Nemokamas pristatymas Lietuvoje, diskreti\u0161ka pakuot\u0117. Patogiai pirkite CBDshop el. parduotuv\u0117je - greitai ir saugiai!\" \/>\n<meta name=\"robots\" content=\"index, follow, max-snippet:-1, max-image-preview:large, max-video-preview:-1\" \/>\n<link rel=\"canonical\" href=\"https:\/\/cbdshop.lt\/toode\/cbd-oli-40-kanep\/\" \/>\n<meta property=\"og:locale\" content=\"en_US\" \/>\n<meta property=\"og:type\" content=\"article\" \/>\n<meta property=\"og:title\" content=\"CBD oil 40% Hemp - CBDshop.lt\" \/>\n<meta property=\"og:description\" content=\"CBD oil 40% Hemp \u2013 U\u017esisakykite kokybi\u0161k\u0105 CBD produkt\u0105 u\u017e geriausi\u0105 kain\u0105. Nemokamas pristatymas Lietuvoje, diskreti\u0161ka pakuot\u0117. Patogiai pirkite CBDshop el. parduotuv\u0117je - greitai ir saugiai!\" \/>\n<meta property=\"og:url\" content=\"https:\/\/cbdshop.lt\/toode\/cbd-oli-40-kanep\/\" \/>\n<meta property=\"og:site_name\" content=\"CBDshop.lt\" \/>\n<meta property=\"article:publisher\" content=\"https:\/\/m.facebook.com\/cbdshop.ee\/\" \/>\n<meta property=\"og:image\" content=\"https:\/\/cbdshop.lt\/wp-content\/uploads\/2023\/08\/7F585202-C4FA-4FCE-BDF5-DF0957181A84-scaled.jpg\" \/>\n\t<meta property=\"og:image:width\" content=\"1919\" \/>\n\t<meta property=\"og:image:height\" content=\"2560\" \/>\n\t<meta property=\"og:image:type\" content=\"image\/jpeg\" \/>\n<meta name=\"twitter:card\" content=\"summary_large_image\" \/>\n<script type=\"application\/ld+json\" class=\"yoast-schema-graph\">{\"@context\":\"https:\\\/\\\/schema.org\",\"@graph\":[{\"@type\":\"WebPage\",\"@id\":\"https:\\\/\\\/cbdshop.lt\\\/toode\\\/cbd-oli-40-kanep\\\/\",\"url\":\"https:\\\/\\\/cbdshop.lt\\\/toode\\\/cbd-oli-40-kanep\\\/\",\"name\":\"CBD oil 40% Hemp - CBDshop.lt\",\"isPartOf\":{\"@id\":\"https:\\\/\\\/cbdshop.lt\\\/#website\"},\"primaryImageOfPage\":{\"@id\":\"https:\\\/\\\/cbdshop.lt\\\/toode\\\/cbd-oli-40-kanep\\\/#primaryimage\"},\"image\":{\"@id\":\"https:\\\/\\\/cbdshop.lt\\\/toode\\\/cbd-oli-40-kanep\\\/#primaryimage\"},\"thumbnailUrl\":\"https:\\\/\\\/cbdshop.lt\\\/wp-content\\\/uploads\\\/2023\\\/08\\\/7F585202-C4FA-4FCE-BDF5-DF0957181A84-scaled.jpg\",\"datePublished\":\"2026-04-11T18:23:30+00:00\",\"description\":\"CBD oil 40% Hemp \u2013 U\u017esisakykite kokybi\u0161k\u0105 CBD produkt\u0105 u\u017e geriausi\u0105 kain\u0105. Nemokamas pristatymas Lietuvoje, diskreti\u0161ka pakuot\u0117. Patogiai pirkite CBDshop el. parduotuv\u0117je - greitai ir saugiai!\",\"breadcrumb\":{\"@id\":\"https:\\\/\\\/cbdshop.lt\\\/toode\\\/cbd-oli-40-kanep\\\/#breadcrumb\"},\"inLanguage\":\"en-US\",\"potentialAction\":[{\"@type\":\"ReadAction\",\"target\":[\"https:\\\/\\\/cbdshop.lt\\\/toode\\\/cbd-oli-40-kanep\\\/\"]}]},{\"@type\":\"ImageObject\",\"inLanguage\":\"en-US\",\"@id\":\"https:\\\/\\\/cbdshop.lt\\\/toode\\\/cbd-oli-40-kanep\\\/#primaryimage\",\"url\":\"https:\\\/\\\/cbdshop.lt\\\/wp-content\\\/uploads\\\/2023\\\/08\\\/7F585202-C4FA-4FCE-BDF5-DF0957181A84-scaled.jpg\",\"contentUrl\":\"https:\\\/\\\/cbdshop.lt\\\/wp-content\\\/uploads\\\/2023\\\/08\\\/7F585202-C4FA-4FCE-BDF5-DF0957181A84-scaled.jpg\",\"width\":1919,\"height\":2560},{\"@type\":\"BreadcrumbList\",\"@id\":\"https:\\\/\\\/cbdshop.lt\\\/toode\\\/cbd-oli-40-kanep\\\/#breadcrumb\",\"itemListElement\":[{\"@type\":\"ListItem\",\"position\":1,\"name\":\"Home\",\"item\":\"https:\\\/\\\/cbdshop.lt\\\/en\\\/\"},{\"@type\":\"ListItem\",\"position\":2,\"name\":\"Products\",\"item\":\"https:\\\/\\\/cbdshop.lt\\\/en\\\/tooted\\\/\"},{\"@type\":\"ListItem\",\"position\":3,\"name\":\"CBD oil 40% Hemp\"}]},{\"@type\":\"WebSite\",\"@id\":\"https:\\\/\\\/cbdshop.lt\\\/#website\",\"url\":\"https:\\\/\\\/cbdshop.lt\\\/\",\"name\":\"CBDshop.lt\",\"description\":\"\u00d5itsed, \u00f5ietolm, CBD \u00f5li, CBD kanep, e-vedelikud\",\"publisher\":{\"@id\":\"https:\\\/\\\/cbdshop.lt\\\/#organization\"},\"potentialAction\":[{\"@type\":\"SearchAction\",\"target\":{\"@type\":\"EntryPoint\",\"urlTemplate\":\"https:\\\/\\\/cbdshop.lt\\\/?s={search_term_string}\"},\"query-input\":{\"@type\":\"PropertyValueSpecification\",\"valueRequired\":true,\"valueName\":\"search_term_string\"}}],\"inLanguage\":\"en-US\"},{\"@type\":\"Organization\",\"@id\":\"https:\\\/\\\/cbdshop.lt\\\/#organization\",\"name\":\"Nordic Synergy O\u00dc\",\"url\":\"https:\\\/\\\/cbdshop.lt\\\/\",\"logo\":{\"@type\":\"ImageObject\",\"inLanguage\":\"en-US\",\"@id\":\"https:\\\/\\\/cbdshop.lt\\\/#\\\/schema\\\/logo\\\/image\\\/\",\"url\":\"\",\"contentUrl\":\"\",\"caption\":\"Nordic Synergy O\u00dc\"},\"image\":{\"@id\":\"https:\\\/\\\/cbdshop.lt\\\/#\\\/schema\\\/logo\\\/image\\\/\"},\"sameAs\":[\"https:\\\/\\\/m.facebook.com\\\/cbdshop.ee\\\/\",\"https:\\\/\\\/www.instagram.com\\\/cbdshop.ee\\\/\"]}]}<\/script>\n<!-- \/ Yoast SEO plugin. -->","yoast_head_json":{"title":"CBD oil 40% Hemp - CBDshop.lt","description":"CBD oil 40% Hemp \u2013 U\u017esisakykite kokybi\u0161k\u0105 CBD produkt\u0105 u\u017e geriausi\u0105 kain\u0105. Nemokamas pristatymas Lietuvoje, diskreti\u0161ka pakuot\u0117. Patogiai pirkite CBDshop el. parduotuv\u0117je - greitai ir saugiai!","robots":{"index":"index","follow":"follow","max-snippet":"max-snippet:-1","max-image-preview":"max-image-preview:large","max-video-preview":"max-video-preview:-1"},"canonical":"https:\/\/cbdshop.lt\/toode\/cbd-oli-40-kanep\/","og_locale":"en_US","og_type":"article","og_title":"CBD oil 40% Hemp - CBDshop.lt","og_description":"CBD oil 40% Hemp \u2013 U\u017esisakykite kokybi\u0161k\u0105 CBD produkt\u0105 u\u017e geriausi\u0105 kain\u0105. Nemokamas pristatymas Lietuvoje, diskreti\u0161ka pakuot\u0117. Patogiai pirkite CBDshop el. parduotuv\u0117je - greitai ir saugiai!","og_url":"https:\/\/cbdshop.lt\/toode\/cbd-oli-40-kanep\/","og_site_name":"CBDshop.lt","article_publisher":"https:\/\/m.facebook.com\/cbdshop.ee\/","og_image":[{"width":1919,"height":2560,"url":"https:\/\/cbdshop.lt\/wp-content\/uploads\/2023\/08\/7F585202-C4FA-4FCE-BDF5-DF0957181A84-scaled.jpg","type":"image\/jpeg"}],"twitter_card":"summary_large_image","schema":{"@context":"https:\/\/schema.org","@graph":[{"@type":"WebPage","@id":"https:\/\/cbdshop.lt\/toode\/cbd-oli-40-kanep\/","url":"https:\/\/cbdshop.lt\/toode\/cbd-oli-40-kanep\/","name":"CBD oil 40% Hemp - CBDshop.lt","isPartOf":{"@id":"https:\/\/cbdshop.lt\/#website"},"primaryImageOfPage":{"@id":"https:\/\/cbdshop.lt\/toode\/cbd-oli-40-kanep\/#primaryimage"},"image":{"@id":"https:\/\/cbdshop.lt\/toode\/cbd-oli-40-kanep\/#primaryimage"},"thumbnailUrl":"https:\/\/cbdshop.lt\/wp-content\/uploads\/2023\/08\/7F585202-C4FA-4FCE-BDF5-DF0957181A84-scaled.jpg","datePublished":"2026-04-11T18:23:30+00:00","description":"CBD oil 40% Hemp \u2013 U\u017esisakykite kokybi\u0161k\u0105 CBD produkt\u0105 u\u017e geriausi\u0105 kain\u0105. Nemokamas pristatymas Lietuvoje, diskreti\u0161ka pakuot\u0117. Patogiai pirkite CBDshop el. parduotuv\u0117je - greitai ir saugiai!","breadcrumb":{"@id":"https:\/\/cbdshop.lt\/toode\/cbd-oli-40-kanep\/#breadcrumb"},"inLanguage":"en-US","potentialAction":[{"@type":"ReadAction","target":["https:\/\/cbdshop.lt\/toode\/cbd-oli-40-kanep\/"]}]},{"@type":"ImageObject","inLanguage":"en-US","@id":"https:\/\/cbdshop.lt\/toode\/cbd-oli-40-kanep\/#primaryimage","url":"https:\/\/cbdshop.lt\/wp-content\/uploads\/2023\/08\/7F585202-C4FA-4FCE-BDF5-DF0957181A84-scaled.jpg","contentUrl":"https:\/\/cbdshop.lt\/wp-content\/uploads\/2023\/08\/7F585202-C4FA-4FCE-BDF5-DF0957181A84-scaled.jpg","width":1919,"height":2560},{"@type":"BreadcrumbList","@id":"https:\/\/cbdshop.lt\/toode\/cbd-oli-40-kanep\/#breadcrumb","itemListElement":[{"@type":"ListItem","position":1,"name":"Home","item":"https:\/\/cbdshop.lt\/en\/"},{"@type":"ListItem","position":2,"name":"Products","item":"https:\/\/cbdshop.lt\/en\/tooted\/"},{"@type":"ListItem","position":3,"name":"CBD oil 40% Hemp"}]},{"@type":"WebSite","@id":"https:\/\/cbdshop.lt\/#website","url":"https:\/\/cbdshop.lt\/","name":"CBDshop.lt","description":"\u00d5itsed, \u00f5ietolm, CBD \u00f5li, CBD kanep, e-vedelikud","publisher":{"@id":"https:\/\/cbdshop.lt\/#organization"},"potentialAction":[{"@type":"SearchAction","target":{"@type":"EntryPoint","urlTemplate":"https:\/\/cbdshop.lt\/?s={search_term_string}"},"query-input":{"@type":"PropertyValueSpecification","valueRequired":true,"valueName":"search_term_string"}}],"inLanguage":"en-US"},{"@type":"Organization","@id":"https:\/\/cbdshop.lt\/#organization","name":"Nordic Synergy O\u00dc","url":"https:\/\/cbdshop.lt\/","logo":{"@type":"ImageObject","inLanguage":"en-US","@id":"https:\/\/cbdshop.lt\/#\/schema\/logo\/image\/","url":"","contentUrl":"","caption":"Nordic Synergy O\u00dc"},"image":{"@id":"https:\/\/cbdshop.lt\/#\/schema\/logo\/image\/"},"sameAs":["https:\/\/m.facebook.com\/cbdshop.ee\/","https:\/\/www.instagram.com\/cbdshop.ee\/"]}]}},"_links":{"self":[{"href":"https:\/\/cbdshop.lt\/en\/wp-json\/wp\/v2\/product\/42220","targetHints":{"allow":["GET"]}}],"collection":[{"href":"https:\/\/cbdshop.lt\/en\/wp-json\/wp\/v2\/product"}],"about":[{"href":"https:\/\/cbdshop.lt\/en\/wp-json\/wp\/v2\/types\/product"}],"replies":[{"embeddable":true,"href":"https:\/\/cbdshop.lt\/en\/wp-json\/wp\/v2\/comments?post=42220"}],"wp:featuredmedia":[{"embeddable":true,"href":"https:\/\/cbdshop.lt\/en\/wp-json\/wp\/v2\/media\/33542"}],"wp:attachment":[{"href":"https:\/\/cbdshop.lt\/en\/wp-json\/wp\/v2\/media?parent=42220"}],"wp:term":[{"taxonomy":"product_brand","embeddable":true,"href":"https:\/\/cbdshop.lt\/en\/wp-json\/wp\/v2\/product_brand?post=42220"},{"taxonomy":"product_cat","embeddable":true,"href":"https:\/\/cbdshop.lt\/en\/wp-json\/wp\/v2\/product_cat?post=42220"},{"taxonomy":"product_tag","embeddable":true,"href":"https:\/\/cbdshop.lt\/en\/wp-json\/wp\/v2\/product_tag?post=42220"}],"curies":[{"name":"wp","href":"https:\/\/api.w.org\/{rel}","templated":true}]}}